{"id":5078,"date":"2020-02-12T13:11:38","date_gmt":"2020-02-12T12:11:38","guid":{"rendered":"https:\/\/bbk.dk\/kontakt\/"},"modified":"2024-04-18T20:31:16","modified_gmt":"2024-04-18T18:31:16","slug":"kontakt","status":"publish","type":"page","link":"https:\/\/bbk.dk\/de\/kontakt\/","title":{"rendered":"Kontakt"},"content":{"rendered":"<div class=\"wpb-content-wrapper\"><p>[vc_row full_width=&#8220;stretch_row&#8220;][vc_column]<div class=\"ult-spacer spacer-69dfe13234171\" data-id=\"69dfe13234171\" data-height=\"90\" data-height-mobile=\"60\" data-height-tab=\"90\" data-height-tab-portrait=\"60\" data-height-mobile-landscape=\"60\" style=\"clear:both;display:block;\"><\/div>[vc_row_inner][vc_column_inner offset=&#8220;vc_col-lg-6 vc_col-md-6 vc_col-xs-12&#8243;][vc_column_text el_class=&#8220;contact-text&#8220;]<\/p>\n<h6>F\u00fcr weitere Informationen<\/h6>\n<h2 style=\"text-align: left;\">Kontaktieren Sie uns heute<\/h2>\n<p>Wenn Sie sich mit uns in Verbindung setzen, geben Sie bitte eine kurze Beschreibung Ihrer Branche und Ihrer spezifischen Bed\u00fcrfnisse an. So k\u00f6nnen wir unser Angebot genau auf Ihre Bed\u00fcrfnisse abstimmen und Ihnen das bestm\u00f6gliche Angebot unterbreiten.<\/p>\n<p style=\"text-align: left;\"><strong>BBK bio airclean A\/S<\/strong><br \/>\nLinnerupvej 5, Hjortsvang, DK-7160 T\u00f8rring<\/p>\n<p style=\"text-align: left;\"><a href=\"tel:75676066\">(+45) 75 67 60 66<\/a><\/p>\n<p style=\"text-align: left;\">CVR-Nr.: 16114472<\/p>\n<p>[\/vc_column_text]<div class=\"ult-spacer spacer-69dfe132341b5\" data-id=\"69dfe132341b5\" data-height=\"0\" data-height-mobile=\"30\" data-height-tab=\"0\" data-height-tab-portrait=\"30\" data-height-mobile-landscape=\"30\" style=\"clear:both;display:block;\"><\/div>[\/vc_column_inner][vc_column_inner offset=&#8220;vc_col-lg-6 vc_col-md-6 vc_col-xs-12&#8243;][vc_column_text]<\/p>\n<h3>Schreiben Sie uns<\/h3>\n<p>[\/vc_column_text][vc_empty_space height=&#8220;15px&#8220;][vc_raw_html]JTVCZm9ybWluYXRvcl9mb3JtJTIwaWQlM0QlMjI1MjI3JTIyJTVE[\/vc_raw_html][\/vc_column_inner][\/vc_row_inner]<div class=\"ult-spacer spacer-69dfe132341d8\" data-id=\"69dfe132341d8\" data-height=\"90\" data-height-mobile=\"60\" data-height-tab=\"90\" data-height-tab-portrait=\"60\" data-height-mobile-landscape=\"60\" style=\"clear:both;display:block;\"><\/div>[\/vc_column][\/vc_row][vc_row full_width=&#8220;stretch_row&#8220; el_class=&#8220;overlay parallax white cta&#8220; css=&#8220;.vc_custom_1701085835129{background-image: url(https:\/\/bbk.dk\/wp-content\/uploads\/2023\/11\/bbk2.jpg?id=4741) !important;background-position: center !important;background-repeat: no-repeat !important;background-size: cover !important;}&#8220;][vc_column]<div class=\"ult-spacer spacer-69dfe132341f8\" data-id=\"69dfe132341f8\" data-height=\"120\" data-height-mobile=\"90\" data-height-tab=\"120\" data-height-tab-portrait=\"90\" data-height-mobile-landscape=\"90\" style=\"clear:both;display:block;\"><\/div>[vc_column_text]<\/p>\n<h3 style=\"text-align: center;\">Setzen Sie sich f\u00fcr die Umwelt ein<\/h3>\n<p style=\"text-align: center;\"><strong>Erfahren Sie, wie wir den h\u00f6chsten Standard der Geruchsreinigung f\u00fcr Ihre Branche liefern<\/strong><\/p>\n<p>[\/vc_column_text]<div class=\"ult-spacer spacer-69dfe13234220\" data-id=\"69dfe13234220\" data-height=\"120\" data-height-mobile=\"90\" data-height-tab=\"120\" data-height-tab-portrait=\"90\" data-height-mobile-landscape=\"90\" style=\"clear:both;display:block;\"><\/div>[\/vc_column][\/vc_row][vc_row full_width=&#8220;stretch_row&#8220;][vc_column]<div class=\"ult-spacer spacer-69dfe13234241\" data-id=\"69dfe13234241\" data-height=\"90\" data-height-mobile=\"60\" data-height-tab=\"90\" data-height-tab-portrait=\"60\" data-height-mobile-landscape=\"60\" style=\"clear:both;display:block;\"><\/div>[vc_basic_grid post_type=&#8220;medarbejdere&#8220; max_items=&#8220;-1&#8243; element_width=&#8220;3&#8243; gap=&#8220;20&#8243; order=&#8220;ASC&#8220; item=&#8220;2784&#8243; grid_id=&#8220;vc_gid:1713465061946-8421e692-d9a0-8&#8243;]<div class=\"ult-spacer spacer-69dfe1323425f\" data-id=\"69dfe1323425f\" data-height=\"90\" data-height-mobile=\"60\" data-height-tab=\"90\" data-height-tab-portrait=\"60\" data-height-mobile-landscape=\"60\" style=\"clear:both;display:block;\"><\/div>[\/vc_column][\/vc_row][vc_row full_width=&#8220;stretch_row_content_no_spaces&#8220;][vc_column][vc_gmaps link=&#8220;#E-8_JTNDaWZyYW1lJTIwc3JjJTNEJTIyaHR0cHMlM0ElMkYlMkZ3d3cuZ29vZ2xlLmNvbSUyRm1hcHMlMkZlbWJlZCUzRnBiJTNEJTIxMW0xOCUyMTFtMTIlMjExbTMlMjExZDY5ODQ5OS42NDcwODAxMjk3JTIxMmQxMC43ODUxOTQ1MjUwNDU2MyUyMTNkNTYuMDM0NTg5NjIxMTQwMzclMjEybTMlMjExZjAlMjEyZjAlMjEzZjAlMjEzbTIlMjExaTEwMjQlMjEyaTc2OCUyMTRmMTMuMSUyMTNtMyUyMTFtMiUyMTFzMHg0NjRiODBmMDY3MDdmOGJkJTI1M0EweGI2NjkzZDlmNmUyOGJhMGElMjEyc0xpbm5lcnVwdmVqJTI1MjA1JTI1MkMlMjUyMDcxNjAlMjUyMFQlMjVDMyUyNUI4cnJpbmclMjE1ZTAlMjEzbTIlMjExc2RhJTIxMnNkayUyMTR2MTcwNDk1ODIxNTI5NyUyMTVtMiUyMTFzZGElMjEyc2RrJTIyJTIwd2lkdGglM0QlMjI2MDAlMjIlMjBoZWlnaHQlM0QlMjI0NTAlMjIlMjBzdHlsZSUzRCUyMmJvcmRlciUzQTAlM0IlMjIlMjBhbGxvd2Z1bGxzY3JlZW4lM0QlMjIlMjIlMjBsb2FkaW5nJTNEJTIybGF6eSUyMiUyMHJlZmVycmVycG9saWN5JTNEJTIybm8tcmVmZXJyZXItd2hlbi1kb3duZ3JhZGUlMjIlM0UlM0MlMkZpZnJhbWUlM0U=&#8220; size=&#8220;400px&#8220;][\/vc_column][\/vc_row]<\/p>\n<\/div>","protected":false},"excerpt":{"rendered":"<p>Haben Sie Fragen oder Anmerkungen?<\/p>\n","protected":false},"author":1,"featured_media":5079,"parent":0,"menu_order":0,"comment_status":"closed","ping_status":"closed","template":"","meta":{"_acf_changed":false,"footnotes":""},"categories":[],"class_list":["post-5078","page","type-page","status-publish","has-post-thumbnail"],"acf":[],"_links":{"self":[{"href":"https:\/\/bbk.dk\/de\/wp-json\/wp\/v2\/pages\/5078"}],"collection":[{"href":"https:\/\/bbk.dk\/de\/wp-json\/wp\/v2\/pages"}],"about":[{"href":"https:\/\/bbk.dk\/de\/wp-json\/wp\/v2\/types\/page"}],"author":[{"embeddable":true,"href":"https:\/\/bbk.dk\/de\/wp-json\/wp\/v2\/users\/1"}],"replies":[{"embeddable":true,"href":"https:\/\/bbk.dk\/de\/wp-json\/wp\/v2\/comments?post=5078"}],"version-history":[{"count":2,"href":"https:\/\/bbk.dk\/de\/wp-json\/wp\/v2\/pages\/5078\/revisions"}],"predecessor-version":[{"id":5229,"href":"https:\/\/bbk.dk\/de\/wp-json\/wp\/v2\/pages\/5078\/revisions\/5229"}],"wp:featuredmedia":[{"embeddable":true,"href":"https:\/\/bbk.dk\/de\/wp-json\/wp\/v2\/media\/5079"}],"wp:attachment":[{"href":"https:\/\/bbk.dk\/de\/wp-json\/wp\/v2\/media?parent=5078"}],"wp:term":[{"taxonomy":"category","embeddable":true,"href":"https:\/\/bbk.dk\/de\/wp-json\/wp\/v2\/categories?post=5078"}],"curies":[{"name":"wp","href":"https:\/\/api.w.org\/{rel}","templated":true}]}}