{"id":5068,"date":"2023-11-27T09:16:19","date_gmt":"2023-11-27T08:16:19","guid":{"rendered":"https:\/\/bbk.dk\/innovation\/"},"modified":"2024-05-23T08:22:27","modified_gmt":"2024-05-23T06:22:27","slug":"innovation","status":"publish","type":"page","link":"https:\/\/bbk.dk\/de\/innovation\/","title":{"rendered":"Innovation"},"content":{"rendered":"<div class=\"wpb-content-wrapper\"><p>[vc_row full_width=&#8220;stretch_row&#8220; el_class=&#8220;light&#8220;][vc_column]<div class=\"ult-spacer spacer-69dfe145d2abc\" data-id=\"69dfe145d2abc\" data-height=\"90\" data-height-mobile=\"60\" data-height-tab=\"90\" data-height-tab-portrait=\"60\" data-height-mobile-landscape=\"60\" style=\"clear:both;display:block;\"><\/div>[vc_row_inner equal_height=&#8220;yes&#8220;][vc_column_inner offset=&#8220;vc_col-lg-6 vc_col-md-6 vc_col-xs-12&#8243; css=&#8220;.vc_custom_1715606596498{margin-right: 30px !important;margin-left: 30px !important;background-image: url(https:\/\/bbk.dk\/wp-content\/uploads\/2024\/05\/lille-scaled.jpg?id=5239) !important;background-position: center !important;background-repeat: no-repeat !important;background-size: contain !important;}&#8220;]<div class=\"ult-spacer spacer-69dfe145d2b01\" data-id=\"69dfe145d2b01\" data-height=\"0\" data-height-mobile=\"200\" data-height-tab=\"0\" data-height-tab-portrait=\"300\" data-height-mobile-landscape=\"250\" style=\"clear:both;display:block;\"><\/div>[\/vc_column_inner][vc_column_inner offset=&#8220;vc_col-lg-6 vc_col-md-6 vc_col-xs-12&#8243;][vc_column_text]<\/p>\n<h3>Reduction of methane emissions from pig manure storage tanks \u2013 a pre-study:<\/h3>\n<p>Greenhouse gases are known to contribute to global warming. Among these CO2 and methane are well known to be major contributors to the greenhouse gas effect. While CO2 is the most commonly known to most people, methane has a global warming potential that is 28 times as potent as CO2, according to the <a href=\"https:\/\/energy.ec.europa.eu\/topics\/carbon-management-and-fossil-fuels\/methane-emissions_en\" target=\"_blank\" rel=\"noopener\">European Commission<\/a>. Agriculture produces a significant amount of methane, and the majority is emitted from point emission sources \u2013 like manure storage.<\/p>\n<p>In this project, BBK and Aalborg University (AAU), seeks to reduce the emissions of methane from pig manure storage tanks. The goal is to develop a product that will serve as a cost-effective and compact solution that will help farmers reduce their environmental impact, leading to a more sustainable future.<\/p>\n<p>This pre-study has been made possible with the support of Forening Plan Danmark, which will enable BBK and AAU to verify our results. We are looking forward to sharing more information about this project in the near future. Stay tuned\u2026[\/vc_column_text]<div class=\"ult-spacer spacer-69dfe145d2b27\" data-id=\"69dfe145d2b27\" data-height=\"0\" data-height-mobile=\"30\" data-height-tab=\"0\" data-height-tab-portrait=\"30\" data-height-mobile-landscape=\"30\" style=\"clear:both;display:block;\"><\/div>[\/vc_column_inner][\/vc_row_inner]<div class=\"ult-spacer spacer-69dfe145d2b4a\" data-id=\"69dfe145d2b4a\" data-height=\"90\" data-height-mobile=\"60\" data-height-tab=\"90\" data-height-tab-portrait=\"60\" data-height-mobile-landscape=\"60\" style=\"clear:both;display:block;\"><\/div>[\/vc_column][\/vc_row][vc_row full_width=&#8220;stretch_row&#8220; el_class=&#8220;light&#8220;][vc_column]<div class=\"ult-spacer spacer-69dfe145d2b69\" data-id=\"69dfe145d2b69\" data-height=\"90\" data-height-mobile=\"60\" data-height-tab=\"90\" data-height-tab-portrait=\"60\" data-height-mobile-landscape=\"60\" style=\"clear:both;display:block;\"><\/div>[vc_row_inner equal_height=&#8220;yes&#8220;][vc_column_inner offset=&#8220;vc_col-lg-6 vc_col-md-6 vc_col-xs-12&#8243;][vc_column_text]<\/p>\n<h6>BBK f\u00fchrt EU-Projekt f\u00fcr geruchsfreie Biogasanlagen an<\/h6>\n<h2>IoT-Plattform f\u00fcr Biogasanlagen ebnet den Weg f\u00fcr eine breitere Anwendung<\/h2>\n<p>Die Biogastechnologie hat in D\u00e4nemark und weltweit ein enormes Potenzial, da sie gr\u00fcne Energie und N\u00e4hrstoffrecycling bietet. Leider verursachen die Anlagen oft Geruchsbel\u00e4stigungen, vor allem durch den giftigen Schwefelwasserstoff H<sub>2<\/sub>S, und dies ist ein gro\u00dfes Hindernis f\u00fcr eine gr\u00f6\u00dfere Expansion als heute. H<sub>2<\/sub>S-Ger\u00fcche treten bei Spitzenbelastungen und hohen Konzentrationen auf. Die hohen Schwefelwasserstoffkonzentrationen werden in einem BBK-Vorfilter gesenkt, bevor sie dem Biofilter zugef\u00fchrt werden.<\/p>\n<p>BBK ist der Projekteigner und hat eine Biofilteranlage mit einer Teststrecke in der Biogasanlage Foulum gebaut. In Zusammenarbeit mit einer Reihe von Partnern und der Universit\u00e4t Aarhus erforschen und testen wir Technologien zur Reduzierung des H<sub>2<\/sub>S-Gehalts und zur effizienteren Vorreinigung. Ziel ist es, hohe H<sub>2<\/sub>S-Konzentrationen zu vermeiden, damit die Biofilter effizient arbeiten k\u00f6nnen und vor Geruchsbel\u00e4stigung durch Biogasanlagen sch\u00fctzen. Ein wichtiger Teil des Projekts ist eine neue IoT-basierte Sensor- und Steuerungsplattform zur Optimierung des Betriebs von Biogasanlagen.<\/p>\n<p>L\u00e4ngerfristig erwartet der BBK, dass das Projekt den Einstandspreis und die Betriebskosten von Biofiltern senken, effizientere Biofilter schaffen und zur Optimierung des Betriebs von Biogasanlagen beitragen wird. F\u00fcr die Biogasindustrie bedeutet dies die L\u00f6sung eines Umweltproblems und die Erschlie\u00dfung neuer M\u00e4rkte und Exportm\u00f6glichkeiten.<\/p>\n<p>Partner: BBK (Projekteigner), Nature Energy, Consibio und die Universit\u00e4t Aarhus[\/vc_column_text]<div class=\"ult-spacer spacer-69dfe145d2b88\" data-id=\"69dfe145d2b88\" data-height=\"0\" data-height-mobile=\"30\" data-height-tab=\"0\" data-height-tab-portrait=\"30\" data-height-mobile-landscape=\"30\" style=\"clear:both;display:block;\"><\/div>[\/vc_column_inner][vc_column_inner el_class=&#8220;img-box&#8220; offset=&#8220;vc_col-lg-6 vc_col-md-6 vc_col-xs-12&#8243; css=&#8220;.vc_custom_1701084427906{margin-right: 30px !important;margin-left: 30px !important;background-image: url(https:\/\/bbk.dk\/wp-content\/uploads\/2023\/11\/biofiltre-fjerner-lugtstoffer2.jpg?id=4651) !important;background-position: center !important;background-repeat: no-repeat !important;background-size: cover !important;}&#8220;]<div class=\"ult-spacer spacer-69dfe145d2ba6\" data-id=\"69dfe145d2ba6\" data-height=\"0\" data-height-mobile=\"200\" data-height-tab=\"0\" data-height-tab-portrait=\"300\" data-height-mobile-landscape=\"250\" style=\"clear:both;display:block;\"><\/div>[\/vc_column_inner][\/vc_row_inner]<div class=\"ult-spacer spacer-69dfe145d2bcb\" data-id=\"69dfe145d2bcb\" data-height=\"90\" data-height-mobile=\"60\" data-height-tab=\"90\" data-height-tab-portrait=\"60\" data-height-mobile-landscape=\"60\" style=\"clear:both;display:block;\"><\/div>[\/vc_column][\/vc_row][vc_row full_width=&#8220;stretch_row&#8220; el_class=&#8220;overlay parallax white cta&#8220; css=&#8220;.vc_custom_1701080637758{background-image: url(https:\/\/bbk.dk\/wp-content\/uploads\/2023\/11\/ingen-lugtgener.jpg?id=4653) !important;background-position: center !important;background-repeat: no-repeat !important;background-size: cover !important;}&#8220;][vc_column]<div class=\"ult-spacer spacer-69dfe145d2be8\" data-id=\"69dfe145d2be8\" data-height=\"120\" data-height-mobile=\"90\" data-height-tab=\"120\" data-height-tab-portrait=\"90\" data-height-mobile-landscape=\"90\" style=\"clear:both;display:block;\"><\/div>[vc_column_text]<\/p>\n<h3 style=\"text-align: center;\">Innovationsprojekte<\/h3>\n<p style=\"text-align: center;\">BBK strebt die Technologief\u00fchrerschaft bei Biofiltern an. Deshalb konzentrieren wir uns auf nachhaltige Innovation und neue Wissensprojekte in Partnerschaft mit Wissenseinrichtungen und ambitionierten Unternehmen.<\/p>\n<p style=\"text-align: center;\">Hier sind 3 Projekte, jedes mit einem eigenen Zweck.<\/p>\n<p>[\/vc_column_text]<div class=\"ult-spacer spacer-69dfe145d2c11\" data-id=\"69dfe145d2c11\" data-height=\"120\" data-height-mobile=\"90\" data-height-tab=\"120\" data-height-tab-portrait=\"90\" data-height-mobile-landscape=\"90\" style=\"clear:both;display:block;\"><\/div>[\/vc_column][\/vc_row][vc_row full_width=&#8220;stretch_row&#8220; el_class=&#8220;gradient-down underside&#8220;][vc_column]<div class=\"ult-spacer spacer-69dfe145d2c31\" data-id=\"69dfe145d2c31\" data-height=\"90\" data-height-mobile=\"60\" data-height-tab=\"90\" data-height-tab-portrait=\"60\" data-height-mobile-landscape=\"60\" style=\"clear:both;display:block;\"><\/div>[vc_row_inner equal_height=&#8220;yes&#8220; content_placement=&#8220;bottom&#8220;][vc_column_inner offset=&#8220;vc_col-lg-5 vc_col-md-5 vc_col-xs-12&#8243;][vc_column_text el_class=&#8220;text-box-left&#8220;]<\/p>\n<h6>Kl\u00e4ranlagen minimieren sch\u00e4dlichen Schwefelwasserstoff mit BBK<\/h6>\n<h4>Digitale Technologie optimiert die Reinigung und minimiert die Sch\u00e4den durch Schwefelwasserstoff<\/h4>\n<p>Schwefelwasserstoff ist in Abwasserrohren gef\u00e4hrlich und sch\u00e4dlich und wird oft mit teuren Chemikalien entfernt. Oberirdisch verursacht es starke Ger\u00fcche und ist gef\u00e4hrlich f\u00fcr das Personal, unterirdisch ist es sch\u00e4dlich f\u00fcr Betonrohre und -anlagen. Durch die Verhinderung der Bildung von Schwefelwasserstoff lassen sich viele Probleme l\u00f6sen.<\/p>\n<p>In diesem Entwicklungsprojekt werden wir das Auftreten von H<sub>2<\/sub>S durch eine digitale Steuerung in Kombination mit einer physikalischen Reinigung und BBK-Biofiltern, die auf die kleineren Pumpstationen abgestimmt sind, minimieren.<\/p>\n<p>Mit einer einheitlichen digitalen Plattform und IoT-basierten Sensoren in einer Cloud-L\u00f6sung versuchen wir, gr\u00f6\u00dfere Schwankungen zu erfassen, indem wir die Niederschlagschemie so steuern, dass die Kapazit\u00e4t der Biofilter nicht \u00fcberschritten wird.<\/p>\n<p>Die Rolle des BBK besteht darin, Biofilter auf kleinere Gr\u00f6\u00dfen zu verkleinern und zu einer Plug&#8217;n Play-L\u00f6sung beizutragen, die in allen Arten von Abwasserpumpstationen eingesetzt werden kann. Dadurch kann BBK seinen Kunden mehr Standardfilter (zu einem wettbewerbsf\u00e4higen Preis) anbieten.<\/p>\n<p>In der Abwasserindustrie beseitigen Sie ein Umweltproblem und verl\u00e4ngern die Lebensdauer der Systeme.<\/p>\n<p>Partner: Consibio (Projekteigent\u00fcmer), BBK, Svendborg Motorv\u00e6rksted, SWECO, FFV Energi &amp; Milj\u00f8, Hedensted Spildevand und Vand &amp; Affald Svendborg[\/vc_column_text]<div class=\"ult-spacer spacer-69dfe145d2c50\" data-id=\"69dfe145d2c50\" data-height=\"0\" data-height-mobile=\"30\" data-height-tab=\"0\" data-height-tab-portrait=\"30\" data-height-mobile-landscape=\"30\" style=\"clear:both;display:block;\"><\/div>[\/vc_column_inner][vc_column_inner el_class=&#8220;img-box&#8220; offset=&#8220;vc_col-lg-7 vc_col-md-7 vc_col-xs-12&#8243; css=&#8220;.vc_custom_1701084619688{margin-right: 30px !important;margin-left: 30px !important;background-image: url(https:\/\/bbk.dk\/wp-content\/uploads\/2023\/11\/vegger-biogas-anlaeg.jpg?id=4650) !important;background-position: center !important;background-repeat: no-repeat !important;background-size: cover !important;}&#8220;]<div class=\"ult-spacer spacer-69dfe145d2c6f\" data-id=\"69dfe145d2c6f\" data-height=\"300\" data-height-mobile=\"200\" data-height-tab=\"300\" data-height-tab-portrait=\"300\" data-height-mobile-landscape=\"250\" style=\"clear:both;display:block;\"><\/div>[\/vc_column_inner][\/vc_row_inner]<div class=\"ult-spacer spacer-69dfe145d2c92\" data-id=\"69dfe145d2c92\" data-height=\"60\" data-height-mobile=\"30\" data-height-tab=\"60\" data-height-tab-portrait=\"30\" data-height-mobile-landscape=\"30\" style=\"clear:both;display:block;\"><\/div>[vc_row_inner equal_height=&#8220;yes&#8220; content_placement=&#8220;bottom&#8220; el_class=&#8220;reverse&#8220;][vc_column_inner el_class=&#8220;img-box&#8220; offset=&#8220;vc_col-lg-7 vc_col-md-7 vc_col-xs-12&#8243; css=&#8220;.vc_custom_1701084628601{margin-right: 30px !important;margin-left: 30px !important;background-image: url(https:\/\/bbk.dk\/wp-content\/uploads\/2023\/11\/biofilter-rensning-farmfood.jpg?id=4647) !important;background-position: center !important;background-repeat: no-repeat !important;background-size: cover !important;}&#8220;]<div class=\"ult-spacer spacer-69dfe145d2cb1\" data-id=\"69dfe145d2cb1\" data-height=\"300\" data-height-mobile=\"200\" data-height-tab=\"300\" data-height-tab-portrait=\"300\" data-height-mobile-landscape=\"250\" style=\"clear:both;display:block;\"><\/div>[\/vc_column_inner][vc_column_inner offset=&#8220;vc_col-lg-5 vc_col-md-5 vc_col-xs-12&#8243;][vc_column_text el_class=&#8220;text-box-right&#8220;]<\/p>\n<h6>Bessere und g\u00fcnstigere Impfbakterien f\u00fcr innovative Geruchsfilter von BBK<\/h6>\n<h4>DNA-Technologie schafft Designer-Bakterien mit schneller Wirkung auf Ger\u00fcche<\/h4>\n<p>Die EU-Vorschriften zur Verringerung der Geruchsbel\u00e4stigung in verschiedenen Industriezweigen machen effiziente Biofilter noch notwendiger. Biofilter m\u00fcssen mit speziellen Bakterien geimpft werden, die sch\u00e4dliche Ger\u00fcche beseitigen. Es kann schwierig sein, die richtigen Bakterienkulturen zu finden, die zudem teuer in der Anschaffung sind und einen effizienten Betrieb erm\u00f6glichen. Die L\u00f6sung dieses Problems wird Biofilter als Schl\u00fcsseltechnologie (in der gr\u00fcnen Industrie) st\u00e4rken.<\/p>\n<p>Das BBK ist daher an einem Projekt zur Entwicklung einer einzigartigen Vermehrungstechnologie mit gro\u00dfem internationalem Potenzial beteiligt. Das Projekt kombiniert die neuesten Erkenntnisse \u00fcber geruchsreduzierende Bakterien mit der DNA-Technologie. Diese Erkenntnisse \u00fcber Mikroben und Geruchsstoffe in verschiedenen Branchen k\u00f6nnen f\u00fcr die Entwicklung von Impfmaterial f\u00fcr die eigenen Biofilter des BBK genutzt werden. Es werden Proben zur Analyse und zum Vergleich mit den vorhandenen Bakterien entnommen, um die richtige Auswahl der Kulturen zu gew\u00e4hrleisten. Als n\u00e4chstes muss eine Vermehrungstechnologie entwickelt werden, die f\u00fcr die industrielle Produktion geeignet ist.<\/p>\n<p>Das Ziel ist, dass die BBK-Biofilter in Zukunft mit eigenen, auf die jeweilige Branche abgestimmten Bakterienkulturen geliefert werden k\u00f6nnen. Dies hat das Potenzial, Tausende von europ\u00e4ischen Kunden zu erreichen und verschafft dem BBK eine starke Wettbewerbsposition.<\/p>\n<p>Partner: BBK (Projekteigner) und D\u00e4nisches Technologisches Institut.[\/vc_column_text]<div class=\"ult-spacer spacer-69dfe145d2ccf\" data-id=\"69dfe145d2ccf\" data-height=\"0\" data-height-mobile=\"30\" data-height-tab=\"0\" data-height-tab-portrait=\"30\" data-height-mobile-landscape=\"30\" style=\"clear:both;display:block;\"><\/div>[\/vc_column_inner][\/vc_row_inner]<div class=\"ult-spacer spacer-69dfe145d2cec\" data-id=\"69dfe145d2cec\" data-height=\"90\" data-height-mobile=\"60\" data-height-tab=\"90\" data-height-tab-portrait=\"60\" data-height-mobile-landscape=\"60\" style=\"clear:both;display:block;\"><\/div>[\/vc_column][\/vc_row]<\/p>\n<\/div>","protected":false},"excerpt":{"rendered":"<p>[vc_row full_width=&#8220;stretch_row&#8220; el_class=&#8220;light&#8220;][vc_column][vc_row_inner equal_height=&#8220;yes&#8220;][vc_column_inner offset=&#8220;vc_col-lg-6 vc_col-md-6 vc_col-xs-12&#8243; css=&#8220;.vc_custom_1715606596498{margin-right: 30px !important;margin-left: 30px !important;background-image: url(https:\/\/bbk.dk\/wp-content\/uploads\/2024\/05\/lille-scaled.jpg?id=5239) !important;background-position: center !important;background-repeat: no-repeat !important;background-size: contain !important;}&#8220;][\/vc_column_inner][vc_column_inner offset=&#8220;vc_col-lg-6 vc_col-md-6 vc_col-xs-12&#8243;][vc_column_text] Reduction of methane emissions from pig manure storage tanks \u2013 a pre-study: Greenhouse gases are known to contribute to global warming. Among these CO2 and methane are well known to be major &#8230; <a title=\"Innovation\" class=\"read-more\" href=\"https:\/\/bbk.dk\/de\/innovation\/\" aria-label=\"Mehr Informationen \u00fcber Innovation\">Weiterlesen &#8230;<\/a><\/p>\n","protected":false},"author":1,"featured_media":4951,"parent":0,"menu_order":3,"comment_status":"closed","ping_status":"closed","template":"","meta":{"_acf_changed":false,"footnotes":""},"categories":[],"class_list":["post-5068","page","type-page","status-publish","has-post-thumbnail"],"acf":[],"_links":{"self":[{"href":"https:\/\/bbk.dk\/de\/wp-json\/wp\/v2\/pages\/5068"}],"collection":[{"href":"https:\/\/bbk.dk\/de\/wp-json\/wp\/v2\/pages"}],"about":[{"href":"https:\/\/bbk.dk\/de\/wp-json\/wp\/v2\/types\/page"}],"author":[{"embeddable":true,"href":"https:\/\/bbk.dk\/de\/wp-json\/wp\/v2\/users\/1"}],"replies":[{"embeddable":true,"href":"https:\/\/bbk.dk\/de\/wp-json\/wp\/v2\/comments?post=5068"}],"version-history":[{"count":5,"href":"https:\/\/bbk.dk\/de\/wp-json\/wp\/v2\/pages\/5068\/revisions"}],"predecessor-version":[{"id":5246,"href":"https:\/\/bbk.dk\/de\/wp-json\/wp\/v2\/pages\/5068\/revisions\/5246"}],"wp:featuredmedia":[{"embeddable":true,"href":"https:\/\/bbk.dk\/de\/wp-json\/wp\/v2\/media\/4951"}],"wp:attachment":[{"href":"https:\/\/bbk.dk\/de\/wp-json\/wp\/v2\/media?parent=5068"}],"wp:term":[{"taxonomy":"category","embeddable":true,"href":"https:\/\/bbk.dk\/de\/wp-json\/wp\/v2\/categories?post=5068"}],"curies":[{"name":"wp","href":"https:\/\/api.w.org\/{rel}","templated":true}]}}