{"id":5061,"date":"2023-11-27T09:16:18","date_gmt":"2023-11-27T08:16:18","guid":{"rendered":"https:\/\/bbk.dk\/beratung\/"},"modified":"2024-02-09T13:21:25","modified_gmt":"2024-02-09T12:21:25","slug":"beratung","status":"publish","type":"page","link":"https:\/\/bbk.dk\/de\/beratung\/","title":{"rendered":"Beratung"},"content":{"rendered":"<div class=\"wpb-content-wrapper\"><p>[vc_row full_width=&#8220;stretch_row&#8220; el_class=&#8220;light&#8220;][vc_column]<div class=\"ult-spacer spacer-69e09652760b5\" data-id=\"69e09652760b5\" data-height=\"90\" data-height-mobile=\"60\" data-height-tab=\"90\" data-height-tab-portrait=\"60\" data-height-mobile-landscape=\"60\" style=\"clear:both;display:block;\"><\/div>[vc_row_inner equal_height=&#8220;yes&#8220;][vc_column_inner offset=&#8220;vc_col-lg-6 vc_col-md-6 vc_col-xs-12&#8243;][vc_column_text]<\/p>\n<h6>Start-up-Beratung<\/h6>\n<h2>Planung und Bau: Geruchsfreie Biogasanlagen und mehr<\/h2>\n<p>Beratende Ingenieure k\u00f6nnen in der fr\u00fchen Ideenphase eines Projekts, das eine Luftreinigung erfordert, oft von Fachleuten profitieren &#8211; in Bezug auf Kosten und Zeit. BBK stellt Wissen und Daten zur Verf\u00fcgung, um sicherzustellen, dass der Ingenieur ein qualitativ hochwertiges Produkt p\u00fcnktlich und innerhalb des Budgets liefert.<\/p>\n<p>Insbesondere bei gr\u00f6\u00dferen Projekten wie Luftreinigung in der Fischerei, Biogas, Abwasser, Kompost usw. muss ein Ingenieur sicherstellen, dass das Projekt wie vereinbart durchgef\u00fchrt wird. Es gibt viele Beteiligte, die ein pers\u00f6nliches Interesse haben.[\/vc_column_text]<div class=\"ult-spacer spacer-69e09652760ff\" data-id=\"69e09652760ff\" data-height=\"0\" data-height-mobile=\"30\" data-height-tab=\"0\" data-height-tab-portrait=\"30\" data-height-mobile-landscape=\"30\" style=\"clear:both;display:block;\"><\/div>[\/vc_column_inner][vc_column_inner el_class=&#8220;img-box&#8220; offset=&#8220;vc_col-lg-6 vc_col-md-6 vc_col-xs-12&#8243; css=&#8220;.vc_custom_1701083475384{margin-right: 30px !important;margin-left: 30px !important;background-image: url(https:\/\/bbk.dk\/wp-content\/uploads\/2023\/11\/raadgivning-ved-etablering-af-biogasanlaeg2.jpg?id=4649) !important;background-position: center !important;background-repeat: no-repeat !important;background-size: cover !important;}&#8220;]<div class=\"ult-spacer spacer-69e0965276127\" data-id=\"69e0965276127\" data-height=\"0\" data-height-mobile=\"200\" data-height-tab=\"0\" data-height-tab-portrait=\"300\" data-height-mobile-landscape=\"250\" style=\"clear:both;display:block;\"><\/div>[\/vc_column_inner][\/vc_row_inner]<div class=\"ult-spacer spacer-69e096527614a\" data-id=\"69e096527614a\" data-height=\"90\" data-height-mobile=\"60\" data-height-tab=\"90\" data-height-tab-portrait=\"60\" data-height-mobile-landscape=\"60\" style=\"clear:both;display:block;\"><\/div>[\/vc_column][\/vc_row][vc_row full_width=&#8220;stretch_row&#8220; el_class=&#8220;overlay parallax white&#8220; css=&#8220;.vc_custom_1701084156716{background-image: url(https:\/\/bbk.dk\/wp-content\/uploads\/2023\/11\/joergen-hansen-bbk-biofilter-chef.jpg?id=4712) !important;background-position: center !important;background-repeat: no-repeat !important;background-size: cover !important;}&#8220;][vc_column]<div class=\"ult-spacer spacer-69e096527616b\" data-id=\"69e096527616b\" data-height=\"120\" data-height-mobile=\"90\" data-height-tab=\"120\" data-height-tab-portrait=\"90\" data-height-mobile-landscape=\"90\" style=\"clear:both;display:block;\"><\/div>[vc_column_text]<\/p>\n<h3 style=\"text-align: center;\"><em>&#8222;Typischerweise werden wir nach der maximalen Schwefelwasserstoffbelastung, dem Druckverlust \u00fcber den Filter, der maximalen Temperatur in der Zuluft und der Reinigungswirkung gefragt. Oft schon vor Beginn der Planung, denn der Kunde will den gr\u00f6\u00dftm\u00f6glichen Effekt bei der Geruchsreinigung.&#8220;<\/em><\/h3>\n<p style=\"text-align: center;\"><strong>sagt der Verkaufsleiter von BBK, J\u00f8rgen Hansen<\/strong><\/p>\n<p>[\/vc_column_text]<div class=\"ult-spacer spacer-69e096527618f\" data-id=\"69e096527618f\" data-height=\"120\" data-height-mobile=\"90\" data-height-tab=\"120\" data-height-tab-portrait=\"90\" data-height-mobile-landscape=\"90\" style=\"clear:both;display:block;\"><\/div>[\/vc_column][\/vc_row][vc_row full_width=&#8220;stretch_row&#8220;][vc_column]<div class=\"ult-spacer spacer-69e09652761ae\" data-id=\"69e09652761ae\" data-height=\"90\" data-height-mobile=\"60\" data-height-tab=\"90\" data-height-tab-portrait=\"60\" data-height-mobile-landscape=\"60\" style=\"clear:both;display:block;\"><\/div>[vc_column_text el_class=&#8220;split-list&#8220;]<\/p>\n<h3 style=\"text-align: center;\">Konkrete Dienstleistungen<\/h3>\n<p style=\"text-align: center;\">F\u00fcr beratende Ingenieure des BBK<\/p>\n<p>[\/vc_column_text][vc_empty_space height=&#8220;30px&#8220;][vc_row_inner equal_height=&#8220;yes&#8220;][vc_column_inner width=&#8220;1\/2&#8243; offset=&#8220;vc_col-lg-3 vc_col-md-6 vc_col-xs-12&#8243;]<div class=\"aio-icon-component    style_1\"><div id=\"Info-box-wrap-5641\" class=\"aio-icon-box top-icon\" style=\"\"  ><div class=\"aio-icon-top\"><div class=\"ult-just-icon-wrapper  \"><div class=\"align-icon\" style=\"text-align:center;\">\n<div class=\"aio-icon-img \" style=\"font-size:48px;display:inline-block;\" >\n\t<img decoding=\"async\" class=\"img-icon\" alt=\"null\" src=\"https:\/\/bbk.dk\/wp-content\/uploads\/2023\/11\/bulb.svg\"\/>\n<\/div><\/div><\/div><\/div><div class=\"aio-icon-header\" ><h3 class=\"aio-icon-title ult-responsive\"  data-ultimate-target='#Info-box-wrap-5641 .aio-icon-title'  data-responsive-json-new='{\"font-size\":\"desktop:20px;\",\"line-height\":\"\"}'  style=\"color:#000000;\">Die Ideenfindungsphase<\/h3><\/div> <!-- header --><div class=\"aio-icon-description ult-responsive\"  data-ultimate-target='#Info-box-wrap-5641 .aio-icon-description'  data-responsive-json-new='{\"font-size\":\"desktop:14px;\",\"line-height\":\"\"}'  style=\"color:#666666;\">Sparring \u00fcber Fallstricke, rechtliche Anforderungen, Nachbarschaftsbeschwerden und Geruchsbarrieren<\/div> <!-- description --><\/div> <!-- aio-icon-box --><\/div> <!-- aio-icon-component --><div class=\"ult-spacer spacer-69e0965276592\" data-id=\"69e0965276592\" data-height=\"0\" data-height-mobile=\"0\" data-height-tab=\"30\" data-height-tab-portrait=\"30\" data-height-mobile-landscape=\"0\" style=\"clear:both;display:block;\"><\/div>[\/vc_column_inner][vc_column_inner width=&#8220;1\/2&#8243; offset=&#8220;vc_col-lg-3 vc_col-md-6 vc_col-xs-12&#8243;]<div class=\"aio-icon-component    style_1\"><div id=\"Info-box-wrap-1928\" class=\"aio-icon-box top-icon\" style=\"\"  ><div class=\"aio-icon-top\"><div class=\"ult-just-icon-wrapper  \"><div class=\"align-icon\" style=\"text-align:center;\">\n<div class=\"aio-icon-img \" style=\"font-size:48px;display:inline-block;\" >\n\t<img decoding=\"async\" class=\"img-icon\" alt=\"null\" src=\"https:\/\/bbk.dk\/wp-content\/uploads\/2023\/11\/factory.svg\"\/>\n<\/div><\/div><\/div><\/div><div class=\"aio-icon-header\" ><h3 class=\"aio-icon-title ult-responsive\"  data-ultimate-target='#Info-box-wrap-1928 .aio-icon-title'  data-responsive-json-new='{\"font-size\":\"desktop:20px;\",\"line-height\":\"\"}'  style=\"color:#000000;\">Bewertung der Projektvorschl\u00e4ge<\/h3><\/div> <!-- header --><div class=\"aio-icon-description ult-responsive\"  data-ultimate-target='#Info-box-wrap-1928 .aio-icon-description'  data-responsive-json-new='{\"font-size\":\"desktop:14px;\",\"line-height\":\"\"}'  style=\"color:#666666;\">Analysen &#8211; Konsequenzen &#8211; OML-Berechnungen<\/div> <!-- description --><\/div> <!-- aio-icon-box --><\/div> <!-- aio-icon-component --><div class=\"ult-spacer spacer-69e096527683b\" data-id=\"69e096527683b\" data-height=\"0\" data-height-mobile=\"0\" data-height-tab=\"30\" data-height-tab-portrait=\"30\" data-height-mobile-landscape=\"0\" style=\"clear:both;display:block;\"><\/div>[\/vc_column_inner][vc_column_inner width=&#8220;1\/2&#8243; offset=&#8220;vc_col-lg-3 vc_col-md-6 vc_col-xs-12&#8243;]<div class=\"aio-icon-component    style_1\"><div id=\"Info-box-wrap-9089\" class=\"aio-icon-box top-icon\" style=\"\"  ><div class=\"aio-icon-top\"><div class=\"ult-just-icon-wrapper  \"><div class=\"align-icon\" style=\"text-align:center;\">\n<div class=\"aio-icon-img \" style=\"font-size:48px;display:inline-block;\" >\n\t<img decoding=\"async\" class=\"img-icon\" alt=\"null\" src=\"https:\/\/bbk.dk\/wp-content\/uploads\/2023\/11\/3d-cube.svg\"\/>\n<\/div><\/div><\/div><\/div><div class=\"aio-icon-header\" ><h3 class=\"aio-icon-title ult-responsive\"  data-ultimate-target='#Info-box-wrap-9089 .aio-icon-title'  data-responsive-json-new='{\"font-size\":\"desktop:20px;\",\"line-height\":\"\"}'  style=\"color:#000000;\">Input f\u00fcr Zeichnung und Design<\/h3><\/div> <!-- header --><div class=\"aio-icon-description ult-responsive\"  data-ultimate-target='#Info-box-wrap-9089 .aio-icon-description'  data-responsive-json-new='{\"font-size\":\"desktop:14px;\",\"line-height\":\"\"}'  style=\"color:#666666;\">Sparring \u00fcber Fallstricke, rechtliche Anforderungen, Nachbarschaftsbeschwerden und Geruchsbarrieren<\/div> <!-- description --><\/div> <!-- aio-icon-box --><\/div> <!-- aio-icon-component -->[\/vc_column_inner][vc_column_inner width=&#8220;1\/2&#8243; offset=&#8220;vc_col-lg-3 vc_col-md-6 vc_col-xs-12&#8243;]<div class=\"aio-icon-component    style_1\"><div id=\"Info-box-wrap-2457\" class=\"aio-icon-box top-icon\" style=\"\"  ><div class=\"aio-icon-top\"><div class=\"ult-just-icon-wrapper  \"><div class=\"align-icon\" style=\"text-align:center;\">\n<div class=\"aio-icon-img \" style=\"font-size:48px;display:inline-block;\" >\n\t<img decoding=\"async\" class=\"img-icon\" alt=\"null\" src=\"https:\/\/bbk.dk\/wp-content\/uploads\/2023\/11\/check.svg\"\/>\n<\/div><\/div><\/div><\/div><div class=\"aio-icon-header\" ><h3 class=\"aio-icon-title ult-responsive\"  data-ultimate-target='#Info-box-wrap-2457 .aio-icon-title'  data-responsive-json-new='{\"font-size\":\"desktop:20px;\",\"line-height\":\"\"}'  style=\"color:#000000;\">Lektorat von Projektpr\u00e4sentationen<\/h3><\/div> <!-- header --><div class=\"aio-icon-description ult-responsive\"  data-ultimate-target='#Info-box-wrap-2457 .aio-icon-description'  data-responsive-json-new='{\"font-size\":\"desktop:14px;\",\"line-height\":\"\"}'  style=\"color:#666666;\">Sicherstellung von Anforderungsspezifikationen.<\/div> <!-- description --><\/div> <!-- aio-icon-box --><\/div> <!-- aio-icon-component -->[\/vc_column_inner][\/vc_row_inner]<div class=\"ult-spacer spacer-69e0965276d24\" data-id=\"69e0965276d24\" data-height=\"90\" data-height-mobile=\"60\" data-height-tab=\"90\" data-height-tab-portrait=\"60\" data-height-mobile-landscape=\"60\" style=\"clear:both;display:block;\"><\/div>[\/vc_column][\/vc_row][vc_row full_width=&#8220;stretch_row&#8220; el_class=&#8220;gradient-down underside&#8220;][vc_column]<div class=\"ult-spacer spacer-69e0965276d49\" data-id=\"69e0965276d49\" data-height=\"90\" data-height-mobile=\"60\" data-height-tab=\"90\" data-height-tab-portrait=\"60\" data-height-mobile-landscape=\"60\" style=\"clear:both;display:block;\"><\/div><div class=\"smile-icon-timeline-wrap csstime   \"  data-time_sep_bg_color=\"#434343\"  data-time_sep_color=\"#434343\" style=\"\"><div class=\"timeline-line \" style=\"border-right-color:#434343;\"><span><\/span><\/div><div class=\"timeline-wrapper\"><div class=\"timeline-block \"><div class=\"timeline-dot\"><\/div><div class=\"ult-timeline-arrow\"><s><\/s><l><\/l><\/div><div class=\"timeline-icon-block\"><div class=\"ult-timeline-icon tl-icon-no-bg\" style=\"   \"><\/div> <!-- icon --><\/div><div class=\"timeline-header-block\" >\n\t\t\t\t\t\t\t<div id=\"timeline-item-3918\" class=\"timeline-header\" style=\"\"><h3 class=\"ult-timeline-title ult-responsive\"  data-ultimate-target='#timeline-item-3918 .ult-timeline-title'  data-responsive-json-new='{\"font-size\":\"\",\"line-height\":\"\"}'  style=\"\">Phase der Ideenfindung<\/h3><div class=\"ult-responsive timeline-item-spt\"  data-ultimate-target='#timeline-item-3918 .timeline-item-spt'  data-responsive-json-new='{\"font-size\":\"\",\"line-height\":\"\"}'  style=\"\">Start-up-Workshop<br \/>\nAufdeckung des Umfangs der Inbetriebnahme<\/div><\/div> <!-- header --><\/div><\/div><div class=\"timeline-block \"><div class=\"timeline-dot\"><\/div><div class=\"ult-timeline-arrow\"><s><\/s><l><\/l><\/div><div class=\"timeline-icon-block\"><div class=\"ult-timeline-icon tl-icon-no-bg\" style=\"   \"><\/div> <!-- icon --><\/div><div class=\"timeline-header-block\" >\n\t\t\t\t\t\t\t<div id=\"timeline-item-4521\" class=\"timeline-header\" style=\"\"><h3 class=\"ult-timeline-title ult-responsive\"  data-ultimate-target='#timeline-item-4521 .ult-timeline-title'  data-responsive-json-new='{\"font-size\":\"\",\"line-height\":\"\"}'  style=\"\">Projektvorschlag<\/h3><div class=\"ult-responsive timeline-item-spt\"  data-ultimate-target='#timeline-item-4521 .timeline-item-spt'  data-responsive-json-new='{\"font-size\":\"\",\"line-height\":\"\"}'  style=\"\">Zusammensetzung des Teams<br \/>\nStart-up-Workshop<br \/>\nVorbereitung der Inbetriebnahme<\/div><\/div> <!-- header --><\/div><\/div><div class=\"timeline-block \"><div class=\"timeline-dot\"><\/div><div class=\"ult-timeline-arrow\"><s><\/s><l><\/l><\/div><div class=\"timeline-icon-block\"><div class=\"ult-timeline-icon tl-icon-no-bg\" style=\"   \"><\/div> <!-- icon --><\/div><div class=\"timeline-header-block\" >\n\t\t\t\t\t\t\t<div id=\"timeline-item-6039\" class=\"timeline-header\" style=\"\"><h3 class=\"ult-timeline-title ult-responsive\"  data-ultimate-target='#timeline-item-6039 .ult-timeline-title'  data-responsive-json-new='{\"font-size\":\"\",\"line-height\":\"\"}'  style=\"\">Hauptprojekt<\/h3><div class=\"ult-responsive timeline-item-spt\"  data-ultimate-target='#timeline-item-6039 .timeline-item-spt'  data-responsive-json-new='{\"font-size\":\"\",\"line-height\":\"\"}'  style=\"\">Multidisziplin\u00e4re \u00dcberpr\u00fcfung<br \/>\nProfessionelle \u00dcberpr\u00fcfung<br \/>\nPlanung der Auftragsvergabe<\/div><\/div> <!-- header --><\/div><\/div><div class=\"timeline-block \"><div class=\"timeline-dot\"><\/div><div class=\"ult-timeline-arrow\"><s><\/s><l><\/l><\/div><div class=\"timeline-icon-block\"><div class=\"ult-timeline-icon tl-icon-no-bg\" style=\"   \"><\/div> <!-- icon --><\/div><div class=\"timeline-header-block\" >\n\t\t\t\t\t\t\t<div id=\"timeline-item-4306\" class=\"timeline-header\" style=\"\"><h3 class=\"ult-timeline-title ult-responsive\"  data-ultimate-target='#timeline-item-4306 .ult-timeline-title'  data-responsive-json-new='{\"font-size\":\"\",\"line-height\":\"\"}'  style=\"\">Exportieren<\/h3><div class=\"ult-responsive timeline-item-spt\"  data-ultimate-target='#timeline-item-4306 .timeline-item-spt'  data-responsive-json-new='{\"font-size\":\"\",\"line-height\":\"\"}'  style=\"\">Start-up-Workshop<br \/>\nPlanung von Schulungsprogrammen f\u00fcr das Betriebspersonal<\/div><\/div> <!-- header --><\/div><\/div><div class=\"timeline-block \"><div class=\"timeline-dot\"><\/div><div class=\"ult-timeline-arrow\"><s><\/s><l><\/l><\/div><div class=\"timeline-icon-block\"><div class=\"ult-timeline-icon tl-icon-no-bg\" style=\"   \"><\/div> <!-- icon --><\/div><div class=\"timeline-header-block\" >\n\t\t\t\t\t\t\t<div id=\"timeline-item-8711\" class=\"timeline-header\" style=\"\"><h3 class=\"ult-timeline-title ult-responsive\"  data-ultimate-target='#timeline-item-8711 .ult-timeline-title'  data-responsive-json-new='{\"font-size\":\"\",\"line-height\":\"\"}'  style=\"\">Inbetriebnahme<\/h3><div class=\"ult-responsive timeline-item-spt\"  data-ultimate-target='#timeline-item-8711 .timeline-item-spt'  data-responsive-json-new='{\"font-size\":\"\",\"line-height\":\"\"}'  style=\"\">Planung von Pr\u00fcf- und Kalibrierungsprogrammen<\/div><\/div> <!-- header --><\/div><\/div><div class=\"timeline-block \"><div class=\"timeline-dot\"><\/div><div class=\"ult-timeline-arrow\"><s><\/s><l><\/l><\/div><div class=\"timeline-icon-block\"><div class=\"ult-timeline-icon tl-icon-no-bg\" style=\"   \"><\/div> <!-- icon --><\/div><div class=\"timeline-header-block\" >\n\t\t\t\t\t\t\t<div id=\"timeline-item-8833\" class=\"timeline-header\" style=\"\"><h3 class=\"ult-timeline-title ult-responsive\"  data-ultimate-target='#timeline-item-8833 .ult-timeline-title'  data-responsive-json-new='{\"font-size\":\"\",\"line-height\":\"\"}'  style=\"\">Drift<\/h3><div class=\"ult-responsive timeline-item-spt\"  data-ultimate-target='#timeline-item-8833 .timeline-item-spt'  data-responsive-json-new='{\"font-size\":\"\",\"line-height\":\"\"}'  style=\"\">Kontinuierliche \u00dcberwachung der operativen Ziele<br \/>\nDurchf\u00fchrung von Leistungstests<\/div><\/div> <!-- header --><\/div><\/div><\/div><\/div><div class=\"ult-spacer spacer-69e0965277078\" data-id=\"69e0965277078\" data-height=\"90\" data-height-mobile=\"60\" data-height-tab=\"90\" data-height-tab-portrait=\"60\" data-height-mobile-landscape=\"60\" style=\"clear:both;display:block;\"><\/div>[\/vc_column][\/vc_row][vc_row full_width=&#8220;stretch_row&#8220;][vc_column]<div class=\"ult-spacer spacer-69e0965277097\" data-id=\"69e0965277097\" data-height=\"90\" data-height-mobile=\"60\" data-height-tab=\"90\" data-height-tab-portrait=\"60\" data-height-mobile-landscape=\"60\" style=\"clear:both;display:block;\"><\/div>[vc_row_inner equal_height=&#8220;yes&#8220; content_placement=&#8220;bottom&#8220;][vc_column_inner offset=&#8220;vc_col-lg-5 vc_col-md-5 vc_col-xs-12&#8243;][vc_column_text el_class=&#8220;text-box-left&#8220;]<\/p>\n<h4>Bauherren und Entwickler<\/h4>\n<p>Wir helfen bei der Konzeption und Umsetzung der besten Kundenl\u00f6sung innerhalb des gegebenen Rahmens. Wir haben jahrelange Erfahrung darin, die richtige L\u00f6sung f\u00fcr den Kunden zu finden und sehen immer die M\u00f6glichkeiten, nicht die Grenzen. Wir sorgen daf\u00fcr, dass die beh\u00f6rdlichen Anforderungen an die Luftreinigung eingehalten werden. Haben Sie ein konkretes Projekt?[\/vc_column_text]<div class=\"ult-spacer spacer-69e09652770b4\" data-id=\"69e09652770b4\" data-height=\"0\" data-height-mobile=\"30\" data-height-tab=\"0\" data-height-tab-portrait=\"30\" data-height-mobile-landscape=\"30\" style=\"clear:both;display:block;\"><\/div>[\/vc_column_inner][vc_column_inner el_class=&#8220;img-box&#8220; offset=&#8220;vc_col-lg-7 vc_col-md-7 vc_col-xs-12&#8243; css=&#8220;.vc_custom_1701084246157{margin-right: 30px !important;margin-left: 30px !important;background-image: url(https:\/\/bbk.dk\/wp-content\/uploads\/2023\/11\/lugtfri-rensningsanlaeg.jpg?id=4670) !important;background-position: center !important;background-repeat: no-repeat !important;background-size: cover !important;}&#8220;]<div class=\"ult-spacer spacer-69e09652770d3\" data-id=\"69e09652770d3\" data-height=\"300\" data-height-mobile=\"200\" data-height-tab=\"300\" data-height-tab-portrait=\"300\" data-height-mobile-landscape=\"250\" style=\"clear:both;display:block;\"><\/div>[\/vc_column_inner][\/vc_row_inner]<div class=\"ult-spacer spacer-69e09652770ef\" data-id=\"69e09652770ef\" data-height=\"60\" data-height-mobile=\"30\" data-height-tab=\"60\" data-height-tab-portrait=\"30\" data-height-mobile-landscape=\"30\" style=\"clear:both;display:block;\"><\/div>[vc_row_inner equal_height=&#8220;yes&#8220; content_placement=&#8220;bottom&#8220; el_class=&#8220;reverse&#8220;][vc_column_inner el_class=&#8220;img-box&#8220; offset=&#8220;vc_col-lg-7 vc_col-md-7 vc_col-xs-12&#8243; css=&#8220;.vc_custom_1701084258878{margin-right: 30px !important;margin-left: 30px !important;background-image: url(https:\/\/bbk.dk\/wp-content\/uploads\/2023\/11\/myndighedskrav-lugtgener2.jpg?id=4713) !important;background-position: center !important;background-repeat: no-repeat !important;background-size: cover !important;}&#8220;]<div class=\"ult-spacer spacer-69e096527710a\" data-id=\"69e096527710a\" data-height=\"300\" data-height-mobile=\"200\" data-height-tab=\"300\" data-height-tab-portrait=\"300\" data-height-mobile-landscape=\"250\" style=\"clear:both;display:block;\"><\/div>[\/vc_column_inner][vc_column_inner offset=&#8220;vc_col-lg-5 vc_col-md-5 vc_col-xs-12&#8243;][vc_column_text el_class=&#8220;text-box-right&#8220;]<\/p>\n<h4>Beh\u00f6rden<\/h4>\n<p>Die Beh\u00f6rden stellen Anforderungen an die Geruchsemissionen an der Grenze und an bestimmten Standorten, und genau dieses Fachwissen kann die BBK zur Verf\u00fcgung stellen, um sicherzustellen, dass die Projekte optimal gestaltet werden. Schornsteinh\u00f6he, Punktabzug, L\u00fcftungskapazit\u00e4t und Rohrleitungen sind konkrete Beispiele f\u00fcr Daten.[\/vc_column_text]<div class=\"ult-spacer spacer-69e0965277124\" data-id=\"69e0965277124\" data-height=\"0\" data-height-mobile=\"30\" data-height-tab=\"0\" data-height-tab-portrait=\"30\" data-height-mobile-landscape=\"30\" style=\"clear:both;display:block;\"><\/div>[\/vc_column_inner][\/vc_row_inner]<div class=\"ult-spacer spacer-69e096527713f\" data-id=\"69e096527713f\" data-height=\"60\" data-height-mobile=\"30\" data-height-tab=\"60\" data-height-tab-portrait=\"30\" data-height-mobile-landscape=\"30\" style=\"clear:both;display:block;\"><\/div>[vc_row_inner equal_height=&#8220;yes&#8220; content_placement=&#8220;bottom&#8220;][vc_column_inner offset=&#8220;vc_col-lg-5 vc_col-md-5 vc_col-xs-12&#8243;][vc_column_text el_class=&#8220;text-box-left&#8220;]<\/p>\n<h4>Beratende Ingenieure<\/h4>\n<p>Sie sind mit ihrem Fachwissen \u00fcber Abmessungen, Standortbedingungen und Konstruktion ein wichtiger Partner. Biologische Prozesse haben jedoch oft Probleme mit Geruchsstoffen und der Freisetzung von unerw\u00fcnschten Ger\u00fcchen, so dass die Luftreinigung hier ein entscheidender Faktor ist. Das ist die Spezialit\u00e4t des BBK.<\/p>\n<p>Wir arbeiten eng mit Beh\u00f6rden und Wissenseinrichtungen zusammen und halten uns auf dem neuesten Stand des Wissens und der rechtlichen Anforderungen.[\/vc_column_text]<div class=\"ult-spacer spacer-69e0965277159\" data-id=\"69e0965277159\" data-height=\"0\" data-height-mobile=\"30\" data-height-tab=\"0\" data-height-tab-portrait=\"30\" data-height-mobile-landscape=\"30\" style=\"clear:both;display:block;\"><\/div>[\/vc_column_inner][vc_column_inner el_class=&#8220;img-box&#8220; offset=&#8220;vc_col-lg-7 vc_col-md-7 vc_col-xs-12&#8243; css=&#8220;.vc_custom_1701084267751{margin-right: 30px !important;margin-left: 30px !important;background-image: url(https:\/\/bbk.dk\/wp-content\/uploads\/2023\/11\/biofiltre-fjerner-lugtstoffer2.jpg?id=4651) !important;background-position: center !important;background-repeat: no-repeat !important;background-size: cover !important;}&#8220;]<div class=\"ult-spacer spacer-69e0965277175\" data-id=\"69e0965277175\" data-height=\"300\" data-height-mobile=\"200\" data-height-tab=\"300\" data-height-tab-portrait=\"300\" data-height-mobile-landscape=\"250\" style=\"clear:both;display:block;\"><\/div>[\/vc_column_inner][\/vc_row_inner]<div class=\"ult-spacer spacer-69e096527718e\" data-id=\"69e096527718e\" data-height=\"90\" data-height-mobile=\"60\" data-height-tab=\"90\" data-height-tab-portrait=\"60\" data-height-mobile-landscape=\"60\" style=\"clear:both;display:block;\"><\/div>[\/vc_column][\/vc_row]<\/p>\n<\/div>","protected":false},"excerpt":{"rendered":"<p>[vc_row full_width=&#8220;stretch_row&#8220; el_class=&#8220;light&#8220;][vc_column][vc_row_inner equal_height=&#8220;yes&#8220;][vc_column_inner offset=&#8220;vc_col-lg-6 vc_col-md-6 vc_col-xs-12&#8243;][vc_column_text] Start-up-Beratung Planung und Bau: Geruchsfreie Biogasanlagen und mehr Beratende Ingenieure k\u00f6nnen in der fr\u00fchen Ideenphase eines Projekts, das eine Luftreinigung erfordert, oft von Fachleuten profitieren &#8211; in Bezug auf Kosten und Zeit. BBK stellt Wissen und Daten zur Verf\u00fcgung, um sicherzustellen, dass der Ingenieur ein qualitativ hochwertiges Produkt &#8230; <a title=\"Beratung\" class=\"read-more\" href=\"https:\/\/bbk.dk\/de\/beratung\/\" aria-label=\"Mehr Informationen \u00fcber Beratung\">Weiterlesen &#8230;<\/a><\/p>\n","protected":false},"author":1,"featured_media":4949,"parent":0,"menu_order":2,"comment_status":"closed","ping_status":"closed","template":"","meta":{"_acf_changed":false,"footnotes":""},"categories":[],"class_list":["post-5061","page","type-page","status-publish","has-post-thumbnail"],"acf":[],"_links":{"self":[{"href":"https:\/\/bbk.dk\/de\/wp-json\/wp\/v2\/pages\/5061"}],"collection":[{"href":"https:\/\/bbk.dk\/de\/wp-json\/wp\/v2\/pages"}],"about":[{"href":"https:\/\/bbk.dk\/de\/wp-json\/wp\/v2\/types\/page"}],"author":[{"embeddable":true,"href":"https:\/\/bbk.dk\/de\/wp-json\/wp\/v2\/users\/1"}],"replies":[{"embeddable":true,"href":"https:\/\/bbk.dk\/de\/wp-json\/wp\/v2\/comments?post=5061"}],"version-history":[{"count":1,"href":"https:\/\/bbk.dk\/de\/wp-json\/wp\/v2\/pages\/5061\/revisions"}],"predecessor-version":[{"id":5076,"href":"https:\/\/bbk.dk\/de\/wp-json\/wp\/v2\/pages\/5061\/revisions\/5076"}],"wp:featuredmedia":[{"embeddable":true,"href":"https:\/\/bbk.dk\/de\/wp-json\/wp\/v2\/media\/4949"}],"wp:attachment":[{"href":"https:\/\/bbk.dk\/de\/wp-json\/wp\/v2\/media?parent=5061"}],"wp:term":[{"taxonomy":"category","embeddable":true,"href":"https:\/\/bbk.dk\/de\/wp-json\/wp\/v2\/categories?post=5061"}],"curies":[{"name":"wp","href":"https:\/\/api.w.org\/{rel}","templated":true}]}}