{"id":5044,"date":"2023-11-27T09:16:20","date_gmt":"2023-11-27T08:16:20","guid":{"rendered":"https:\/\/bbk.dk\/faelle\/landwirtschaftliche-lebensmittel\/"},"modified":"2024-02-09T15:10:39","modified_gmt":"2024-02-09T14:10:39","slug":"farmfood","status":"publish","type":"page","link":"https:\/\/bbk.dk\/de\/faelle\/farmfood\/","title":{"rendered":"Farmfood"},"content":{"rendered":"<div class=\"wpb-content-wrapper\"><p>[vc_row full_width=&#8220;stretch_row&#8220; el_class=&#8220;light&#8220;][vc_column]<div class=\"ult-spacer spacer-69dfca2c0c9da\" data-id=\"69dfca2c0c9da\" data-height=\"90\" data-height-mobile=\"60\" data-height-tab=\"90\" data-height-tab-portrait=\"60\" data-height-mobile-landscape=\"60\" style=\"clear:both;display:block;\"><\/div>[vc_row_inner equal_height=&#8220;yes&#8220;][vc_column_inner offset=&#8220;vc_col-lg-6 vc_col-md-6 vc_col-xs-12&#8243;][vc_column_text]<\/p>\n<h2>Umgang mit geruchsintensiven Stoffen<\/h2>\n<p>Farmfood ist auf die Verwertung verschiedener Schlachtabf\u00e4lle aus Gefl\u00fcgelschlachth\u00f6fen f\u00fcr bestimmte Verwendungszwecke spezialisiert &#8211; insbesondere f\u00fcr die Tiernahrungsindustrie und Biogasanlagen. Die Produktion wird kontinuierlich ausgebaut. Hitzebehandelte Schlachtabf\u00e4lle haben einen charakteristischen Geruch, der sich mit mechanischen oder chemischen Filtern nur schwer vollst\u00e4ndig entfernen l\u00e4sst.<\/p>\n<p>Die N\u00e4he zur Stadt L\u00f8gst\u00f8r stellt strenge Anforderungen an die Geruchsemissionen. Die Umweltbeh\u00f6rden verlangen maximal 10 LE an der Anlage und 5 LE an den Nachbargrenzen und f\u00fchren j\u00e4hrliche Inspektionen durch.[\/vc_column_text]<div class=\"ult-spacer spacer-69dfca2c0ca34\" data-id=\"69dfca2c0ca34\" data-height=\"0\" data-height-mobile=\"30\" data-height-tab=\"0\" data-height-tab-portrait=\"30\" data-height-mobile-landscape=\"30\" style=\"clear:both;display:block;\"><\/div>[\/vc_column_inner][vc_column_inner el_class=&#8220;img-box&#8220; offset=&#8220;vc_col-lg-6 vc_col-md-6 vc_col-xs-12&#8243; css=&#8220;.vc_custom_1704956635134{margin-right: 30px !important;margin-left: 30px !important;background-image: url(https:\/\/bbk.dk\/wp-content\/uploads\/2023\/11\/lugtfri-rensningsanlaeg.jpg?id=4670) !important;background-position: center !important;background-repeat: no-repeat !important;background-size: cover !important;}&#8220;]<div class=\"ult-spacer spacer-69dfca2c0ca62\" data-id=\"69dfca2c0ca62\" data-height=\"0\" data-height-mobile=\"200\" data-height-tab=\"0\" data-height-tab-portrait=\"300\" data-height-mobile-landscape=\"250\" style=\"clear:both;display:block;\"><\/div>[\/vc_column_inner][\/vc_row_inner]<div class=\"ult-spacer spacer-69dfca2c0ca8b\" data-id=\"69dfca2c0ca8b\" data-height=\"90\" data-height-mobile=\"60\" data-height-tab=\"90\" data-height-tab-portrait=\"60\" data-height-mobile-landscape=\"60\" style=\"clear:both;display:block;\"><\/div>[\/vc_column][\/vc_row][vc_row full_width=&#8220;stretch_row&#8220;][vc_column]<div class=\"ult-spacer spacer-69dfca2c0cab3\" data-id=\"69dfca2c0cab3\" data-height=\"90\" data-height-mobile=\"60\" data-height-tab=\"90\" data-height-tab-portrait=\"60\" data-height-mobile-landscape=\"60\" style=\"clear:both;display:block;\"><\/div>[vc_row_inner][vc_column_inner width=&#8220;1\/2&#8243; offset=&#8220;vc_col-lg-1\/5 vc_col-md-6 vc_col-xs-12&#8243;]<div class=\"aio-icon-component    style_1\"><div id=\"Info-box-wrap-7480\" class=\"aio-icon-box top-icon\" style=\"\"  ><div class=\"aio-icon-top\"><div class=\"ult-just-icon-wrapper  \"><div class=\"align-icon\" style=\"text-align:center;\">\n<div class=\"aio-icon-img \" style=\"font-size:48px;display:inline-block;\" >\n\t<img decoding=\"async\" class=\"img-icon\" alt=\"null\" src=\"https:\/\/bbk.dk\/wp-content\/uploads\/2023\/11\/star.svg\"\/>\n<\/div><\/div><\/div><\/div><div class=\"aio-icon-header\" ><h3 class=\"aio-icon-title ult-responsive\"  data-ultimate-target='#Info-box-wrap-7480 .aio-icon-title'  data-responsive-json-new='{\"font-size\":\"desktop:20px;\",\"line-height\":\"\"}'  style=\"color:#000000;\">Kapazit\u00e4t<\/h3><\/div> <!-- header --><div class=\"aio-icon-description ult-responsive\"  data-ultimate-target='#Info-box-wrap-7480 .aio-icon-description'  data-responsive-json-new='{\"font-size\":\"desktop:14px;\",\"line-height\":\"\"}'  style=\"color:#666666;\">Vorfilter: 10.000 m<sup>3<\/sup><br \/>\nBiofilter: 116.000 m<sup>3<\/sup><\/div> <!-- description --><\/div> <!-- aio-icon-box --><\/div> <!-- aio-icon-component --><div class=\"ult-spacer spacer-69dfca2c0d23a\" data-id=\"69dfca2c0d23a\" data-height=\"0\" data-height-mobile=\"0\" data-height-tab=\"30\" data-height-tab-portrait=\"30\" data-height-mobile-landscape=\"0\" style=\"clear:both;display:block;\"><\/div>[\/vc_column_inner][vc_column_inner width=&#8220;1\/2&#8243; offset=&#8220;vc_col-lg-1\/5 vc_col-md-6 vc_col-xs-12&#8243;]<div class=\"aio-icon-component    style_1\"><div id=\"Info-box-wrap-6477\" class=\"aio-icon-box top-icon\" style=\"\"  ><div class=\"aio-icon-top\"><div class=\"ult-just-icon-wrapper  \"><div class=\"align-icon\" style=\"text-align:center;\">\n<div class=\"aio-icon-img \" style=\"font-size:48px;display:inline-block;\" >\n\t<img decoding=\"async\" class=\"img-icon\" alt=\"null\" src=\"https:\/\/bbk.dk\/wp-content\/uploads\/2023\/11\/factory.svg\"\/>\n<\/div><\/div><\/div><\/div><div class=\"aio-icon-header\" ><h3 class=\"aio-icon-title ult-responsive\"  data-ultimate-target='#Info-box-wrap-6477 .aio-icon-title'  data-responsive-json-new='{\"font-size\":\"desktop:20px;\",\"line-height\":\"\"}'  style=\"color:#000000;\">Produktion<\/h3><\/div> <!-- header --><div class=\"aio-icon-description ult-responsive\"  data-ultimate-target='#Info-box-wrap-6477 .aio-icon-description'  data-responsive-json-new='{\"font-size\":\"desktop:14px;\",\"line-height\":\"\"}'  style=\"color:#666666;\">Nebenprodukte aus d\u00e4nischen, schwedischen und norwegischen Gefl\u00fcgelschlachth\u00f6fen werden in 2 Produktionsanlagen verarbeitet.<\/div> <!-- description --><\/div> <!-- aio-icon-box --><\/div> <!-- aio-icon-component --><div class=\"ult-spacer spacer-69dfca2c0d63d\" data-id=\"69dfca2c0d63d\" data-height=\"0\" data-height-mobile=\"0\" data-height-tab=\"30\" data-height-tab-portrait=\"30\" data-height-mobile-landscape=\"0\" style=\"clear:both;display:block;\"><\/div>[\/vc_column_inner][vc_column_inner width=&#8220;1\/2&#8243; offset=&#8220;vc_col-lg-1\/5 vc_col-md-6 vc_col-xs-12&#8243;]<div class=\"aio-icon-component    style_1\"><div id=\"Info-box-wrap-5425\" class=\"aio-icon-box top-icon\" style=\"\"  ><div class=\"aio-icon-top\"><div class=\"ult-just-icon-wrapper  \"><div class=\"align-icon\" style=\"text-align:center;\">\n<div class=\"aio-icon-img \" style=\"font-size:48px;display:inline-block;\" >\n\t<img decoding=\"async\" class=\"img-icon\" alt=\"null\" src=\"https:\/\/bbk.dk\/wp-content\/uploads\/2023\/11\/star.svg\"\/>\n<\/div><\/div><\/div><\/div><div class=\"aio-icon-header\" ><h3 class=\"aio-icon-title ult-responsive\"  data-ultimate-target='#Info-box-wrap-5425 .aio-icon-title'  data-responsive-json-new='{\"font-size\":\"desktop:20px;\",\"line-height\":\"\"}'  style=\"color:#000000;\">Filterkapazit\u00e4t<\/h3><\/div> <!-- header --><div class=\"aio-icon-description ult-responsive\"  data-ultimate-target='#Info-box-wrap-5425 .aio-icon-description'  data-responsive-json-new='{\"font-size\":\"desktop:14px;\",\"line-height\":\"\"}'  style=\"color:#666666;\">Der Vorfilter bew\u00e4ltigt einen Teilstrom von bis zu 10.000 m<sup>3<\/sup> mit hohen Schwefelwasserstoffkonzentrationen, der Schwefelwasserstoffgehalt wird im Vorfilter reduziert und dann mit der \u00fcbrigen Luft gemischt, die zum Biofilter geleitet wird. Der Biofilter ist f\u00fcr 116.000 m<sup>3<\/sup> dimensioniert, mit der Option, ihn auf 130.000 m<sup>3<\/sup> zu optimieren. Der Biofilter besteht aus 2 Becken mit einer Gesamtfl\u00e4che von 1.012 m<sup>2<\/sup>.<\/div> <!-- description --><\/div> <!-- aio-icon-box --><\/div> <!-- aio-icon-component --><div class=\"ult-spacer spacer-69dfca2c0d82b\" data-id=\"69dfca2c0d82b\" data-height=\"0\" data-height-mobile=\"0\" data-height-tab=\"30\" data-height-tab-portrait=\"30\" data-height-mobile-landscape=\"0\" style=\"clear:both;display:block;\"><\/div>[\/vc_column_inner][vc_column_inner width=&#8220;1\/2&#8243; offset=&#8220;vc_col-lg-1\/5 vc_col-md-6 vc_col-xs-12&#8243;]<div class=\"aio-icon-component    style_1\"><div id=\"Info-box-wrap-9911\" class=\"aio-icon-box top-icon\" style=\"\"  ><div class=\"aio-icon-top\"><div class=\"ult-just-icon-wrapper  \"><div class=\"align-icon\" style=\"text-align:center;\">\n<div class=\"aio-icon-img \" style=\"font-size:48px;display:inline-block;\" >\n\t<img decoding=\"async\" class=\"img-icon\" alt=\"null\" src=\"https:\/\/bbk.dk\/wp-content\/uploads\/2023\/11\/3d-cube.svg\"\/>\n<\/div><\/div><\/div><\/div><div class=\"aio-icon-header\" ><h3 class=\"aio-icon-title ult-responsive\"  data-ultimate-target='#Info-box-wrap-9911 .aio-icon-title'  data-responsive-json-new='{\"font-size\":\"desktop:20px;\",\"line-height\":\"\"}'  style=\"color:#000000;\">Abmessungen<\/h3><\/div> <!-- header --><div class=\"aio-icon-description ult-responsive\"  data-ultimate-target='#Info-box-wrap-9911 .aio-icon-description'  data-responsive-json-new='{\"font-size\":\"desktop:14px;\",\"line-height\":\"\"}'  style=\"color:#666666;\">Vorfilter: 240 m<sup>2<\/sup> in 3 Abschnitten<br \/>\nBiofilter: 1.012 m<sup>2<\/sup> in 2 Abschnitten<\/div> <!-- description --><\/div> <!-- aio-icon-box --><\/div> <!-- aio-icon-component -->[\/vc_column_inner][vc_column_inner offset=&#8220;vc_col-lg-1\/5 vc_col-md-12 vc_col-xs-12&#8243;]<div class=\"aio-icon-component    style_1\"><div id=\"Info-box-wrap-1926\" class=\"aio-icon-box top-icon\" style=\"\"  ><div class=\"aio-icon-top\"><div class=\"ult-just-icon-wrapper  \"><div class=\"align-icon\" style=\"text-align:center;\">\n<div class=\"aio-icon-img \" style=\"font-size:48px;display:inline-block;\" >\n\t<img decoding=\"async\" class=\"img-icon\" alt=\"null\" src=\"https:\/\/bbk.dk\/wp-content\/uploads\/2023\/11\/hourglass.svg\"\/>\n<\/div><\/div><\/div><\/div><div class=\"aio-icon-header\" ><h3 class=\"aio-icon-title ult-responsive\"  data-ultimate-target='#Info-box-wrap-1926 .aio-icon-title'  data-responsive-json-new='{\"font-size\":\"desktop:20px;\",\"line-height\":\"\"}'  style=\"color:#000000;\">Lebenserwartung<\/h3><\/div> <!-- header --><div class=\"aio-icon-description ult-responsive\"  data-ultimate-target='#Info-box-wrap-1926 .aio-icon-description'  data-responsive-json-new='{\"font-size\":\"desktop:14px;\",\"line-height\":\"\"}'  style=\"color:#666666;\">Das Biofiltermaterial bei Farmfood hat eine Lebensdauer von &gt; 10 Jahren.<\/div> <!-- description --><\/div> <!-- aio-icon-box --><\/div> <!-- aio-icon-component -->[\/vc_column_inner][\/vc_row_inner]<div class=\"ult-spacer spacer-69dfca2c0df33\" data-id=\"69dfca2c0df33\" data-height=\"90\" data-height-mobile=\"60\" data-height-tab=\"90\" data-height-tab-portrait=\"60\" data-height-mobile-landscape=\"60\" style=\"clear:both;display:block;\"><\/div>[\/vc_column][\/vc_row][vc_row full_width=&#8220;stretch_row&#8220; el_class=&#8220;overlay parallax white cta&#8220; css=&#8220;.vc_custom_1701086523621{background-image: url(https:\/\/bbk.dk\/wp-content\/uploads\/2023\/11\/ingen-lugtgener.jpg?id=4653) !important;background-position: center !important;background-repeat: no-repeat !important;background-size: cover !important;}&#8220;][vc_column]<div class=\"ult-spacer spacer-69dfca2c0df5a\" data-id=\"69dfca2c0df5a\" data-height=\"120\" data-height-mobile=\"90\" data-height-tab=\"120\" data-height-tab-portrait=\"90\" data-height-mobile-landscape=\"90\" style=\"clear:both;display:block;\"><\/div>[vc_column_text]<\/p>\n<p style=\"text-align: center;\"><strong><em>&#8222;Es ist schwierig, Ger\u00fcche aus w\u00e4rmebehandelten Schlachtabf\u00e4llen zu entfernen, die viele verschiedene Ger\u00fcche freisetzen. Mit unseren BBK-Biofiltern haben wir eine sichere L\u00f6sung mit einem breiten Spektrum gefunden, die alle Ger\u00fcche aus der Produktion wirksam entfernt, sehr zur Zufriedenheit unserer Nachbarn. BBK f\u00fchrt monatliche Servicebesuche in der Anlage durch, \u00fcberpr\u00fcft die Reinigungsleistung und stellt sicher, dass wir alle Umweltauflagen erf\u00fcllen. Der Bau von Filtersystemen wird von BBK als schl\u00fcsselfertiger Auftrag ausgef\u00fchrt, und BBK hat stets ein Qualit\u00e4tsprodukt zum vereinbarten Preis geliefert.&#8220;<\/em><\/strong><\/p>\n<p style=\"text-align: center;\">Jens Kristensen, Technischer Leiter<\/p>\n<p>[\/vc_column_text]<div class=\"ult-spacer spacer-69dfca2c0df85\" data-id=\"69dfca2c0df85\" data-height=\"120\" data-height-mobile=\"90\" data-height-tab=\"120\" data-height-tab-portrait=\"90\" data-height-mobile-landscape=\"90\" style=\"clear:both;display:block;\"><\/div>[\/vc_column][\/vc_row][vc_row full_width=&#8220;stretch_row&#8220; el_class=&#8220;gradient-down underside&#8220;][vc_column]<div class=\"ult-spacer spacer-69dfca2c0dfb0\" data-id=\"69dfca2c0dfb0\" data-height=\"90\" data-height-mobile=\"60\" data-height-tab=\"90\" data-height-tab-portrait=\"60\" data-height-mobile-landscape=\"60\" style=\"clear:both;display:block;\"><\/div>[vc_row_inner equal_height=&#8220;yes&#8220; content_placement=&#8220;bottom&#8220;][vc_column_inner offset=&#8220;vc_col-lg-5 vc_col-md-5 vc_col-xs-12&#8243;][vc_column_text el_class=&#8220;text-box-left&#8220;]<\/p>\n<h4>Wirksame Biofilter<\/h4>\n<p>Farmfood produziert in der N\u00e4he des Stadtzentrums in L\u00f8gst\u00f8r und hat die Fabrik schrittweise erweitert. Die besonderen Bedingungen bei w\u00e4rmebehandelten Schlachtabf\u00e4llen stellen hohe Anforderungen an die Geruchsfilter, die in einem breiten Spektrum funktionieren m\u00fcssen, um Bel\u00e4stigungen der Nachbarn zu vermeiden. Im Laufe der Jahre hat BBK Biofilter f\u00fcr die Reinigung von bis zu 100.000 m<sup>3<\/sup> Luft\/Stunde geliefert. Durch sorgf\u00e4ltige Einschlie\u00dfung und lokale Absaugung wird sichergestellt, dass alle Ger\u00fcche innerhalb des Systems wirksam beseitigt werden.[\/vc_column_text]<div class=\"ult-spacer spacer-69dfca2c0dfd1\" data-id=\"69dfca2c0dfd1\" data-height=\"0\" data-height-mobile=\"30\" data-height-tab=\"0\" data-height-tab-portrait=\"30\" data-height-mobile-landscape=\"30\" style=\"clear:both;display:block;\"><\/div>[\/vc_column_inner][vc_column_inner el_class=&#8220;img-box&#8220; offset=&#8220;vc_col-lg-7 vc_col-md-7 vc_col-xs-12&#8243; css=&#8220;.vc_custom_1701086568350{margin-right: 30px !important;margin-left: 30px !important;background-image: url(https:\/\/bbk.dk\/wp-content\/uploads\/2023\/11\/biofilter-rensning-farmfood.jpg?id=4647) !important;background-position: center !important;background-repeat: no-repeat !important;background-size: cover !important;}&#8220;]<div class=\"ult-spacer spacer-69dfca2c0dff8\" data-id=\"69dfca2c0dff8\" data-height=\"300\" data-height-mobile=\"200\" data-height-tab=\"300\" data-height-tab-portrait=\"300\" data-height-mobile-landscape=\"250\" style=\"clear:both;display:block;\"><\/div>[\/vc_column_inner][\/vc_row_inner]<div class=\"ult-spacer spacer-69dfca2c0e024\" data-id=\"69dfca2c0e024\" data-height=\"90\" data-height-mobile=\"60\" data-height-tab=\"90\" data-height-tab-portrait=\"60\" data-height-mobile-landscape=\"60\" style=\"clear:both;display:block;\"><\/div>[\/vc_column][\/vc_row]<\/p>\n<\/div>","protected":false},"excerpt":{"rendered":"<p>Futtermittel<\/p>\n","protected":false},"author":1,"featured_media":4946,"parent":4965,"menu_order":7,"comment_status":"closed","ping_status":"closed","template":"","meta":{"_acf_changed":false,"footnotes":""},"categories":[49],"class_list":{"0":"post-5044","1":"page","2":"type-page","3":"status-publish","4":"has-post-thumbnail","6":"category-dienstleistungen"},"acf":[],"_links":{"self":[{"href":"https:\/\/bbk.dk\/de\/wp-json\/wp\/v2\/pages\/5044"}],"collection":[{"href":"https:\/\/bbk.dk\/de\/wp-json\/wp\/v2\/pages"}],"about":[{"href":"https:\/\/bbk.dk\/de\/wp-json\/wp\/v2\/types\/page"}],"author":[{"embeddable":true,"href":"https:\/\/bbk.dk\/de\/wp-json\/wp\/v2\/users\/1"}],"replies":[{"embeddable":true,"href":"https:\/\/bbk.dk\/de\/wp-json\/wp\/v2\/comments?post=5044"}],"version-history":[{"count":11,"href":"https:\/\/bbk.dk\/de\/wp-json\/wp\/v2\/pages\/5044\/revisions"}],"predecessor-version":[{"id":5140,"href":"https:\/\/bbk.dk\/de\/wp-json\/wp\/v2\/pages\/5044\/revisions\/5140"}],"up":[{"embeddable":true,"href":"https:\/\/bbk.dk\/de\/wp-json\/wp\/v2\/pages\/4965"}],"wp:featuredmedia":[{"embeddable":true,"href":"https:\/\/bbk.dk\/de\/wp-json\/wp\/v2\/media\/4946"}],"wp:attachment":[{"href":"https:\/\/bbk.dk\/de\/wp-json\/wp\/v2\/media?parent=5044"}],"wp:term":[{"taxonomy":"category","embeddable":true,"href":"https:\/\/bbk.dk\/de\/wp-json\/wp\/v2\/categories?post=5044"}],"curies":[{"name":"wp","href":"https:\/\/api.w.org\/{rel}","templated":true}]}}