{"id":5031,"date":"2023-11-27T09:16:18","date_gmt":"2023-11-27T08:16:18","guid":{"rendered":"https:\/\/bbk.dk\/technologie\/"},"modified":"2024-02-09T15:01:53","modified_gmt":"2024-02-09T14:01:53","slug":"technologie","status":"publish","type":"page","link":"https:\/\/bbk.dk\/de\/technologie\/","title":{"rendered":"Technologie"},"content":{"rendered":"<div class=\"wpb-content-wrapper\"><p>[vc_row full_width=&#8220;stretch_row&#8220; el_class=&#8220;light&#8220;][vc_column]<div class=\"ult-spacer spacer-69dfe11f2d742\" data-id=\"69dfe11f2d742\" data-height=\"90\" data-height-mobile=\"60\" data-height-tab=\"90\" data-height-tab-portrait=\"60\" data-height-mobile-landscape=\"60\" style=\"clear:both;display:block;\"><\/div>[vc_row_inner equal_height=&#8220;yes&#8220;][vc_column_inner offset=&#8220;vc_col-lg-6 vc_col-md-6 vc_col-xs-12&#8243;][vc_column_text]<\/p>\n<h6>Die Technologie hinter<\/h6>\n<h2>Wie ein Biofilter funktioniert<\/h2>\n<p>Auf dem Betonboden wird ein Spaltenboden verlegt, auf den ein Kunststoffnetz gelegt wird, auf das Kunststoffnetz wird 15 cm Leca gelegt, auf das 1 m<sup>3<\/sup> Biofiltermaterial BBK pro m<sup>2<\/sup> gelegt wird. Das Biofiltermaterial wird mit ausgew\u00e4hlten Mikroorganismen beimpft. Zur Bew\u00e4sserung des Filters wird eine Sprinkleranlage installiert. Der Luftstrom mit Geruchsstoffen wird unten eingeleitet und oben als Frischluft wieder ausgepresst.<\/p>\n<p>Die Temperatur im Biofilter wird optimal bei 15-35\u00b0C gehalten, was eine maximale Reinigungswirkung gew\u00e4hrleistet und daf\u00fcr sorgt, dass die aktiven Mikroorganismen Ger\u00fcche effektiv abbauen.<\/p>\n<p>Ein BBK-Filter kann sich im Gegensatz zu vielen anderen Biofiltern nicht abbauen und inaktiv werden. Bevor wir den Filter mit den spezifischen Mikroorganismen beimpfen, f\u00fchren wir eine W\u00e4rmebehandlung durch, die unerw\u00fcnschte Unkrautsamen, Keime und andere Mikroorganismen vollst\u00e4ndig eliminiert. Dies gew\u00e4hrleistet eine optimale Geruchsbeseitigung.[\/vc_column_text]<div class=\"ult-spacer spacer-69dfe11f2d793\" data-id=\"69dfe11f2d793\" data-height=\"0\" data-height-mobile=\"30\" data-height-tab=\"0\" data-height-tab-portrait=\"30\" data-height-mobile-landscape=\"30\" style=\"clear:both;display:block;\"><\/div>[\/vc_column_inner][vc_column_inner el_class=&#8220;img-box&#8220; offset=&#8220;vc_col-lg-6 vc_col-md-6 vc_col-xs-12&#8243; css=&#8220;.vc_custom_1701080715628{margin-right: 30px !important;margin-left: 30px !important;background-image: url(https:\/\/bbk.dk\/wp-content\/uploads\/2023\/11\/luftrensning-biofilter-stort-anlaeg.jpg?id=4671) !important;background-position: center !important;background-repeat: no-repeat !important;background-size: cover !important;}&#8220;]<div class=\"ult-spacer spacer-69dfe11f2d7c1\" data-id=\"69dfe11f2d7c1\" data-height=\"0\" data-height-mobile=\"200\" data-height-tab=\"0\" data-height-tab-portrait=\"300\" data-height-mobile-landscape=\"250\" style=\"clear:both;display:block;\"><\/div>[\/vc_column_inner][\/vc_row_inner]<div class=\"ult-spacer spacer-69dfe11f2d7ea\" data-id=\"69dfe11f2d7ea\" data-height=\"90\" data-height-mobile=\"60\" data-height-tab=\"90\" data-height-tab-portrait=\"60\" data-height-mobile-landscape=\"60\" style=\"clear:both;display:block;\"><\/div>[\/vc_column][\/vc_row][vc_row full_width=&#8220;stretch_row&#8220; el_class=&#8220;overlay parallax white cta&#8220; css=&#8220;.vc_custom_1701080637758{background-image: url(https:\/\/bbk.dk\/wp-content\/uploads\/2023\/11\/ingen-lugtgener.jpg?id=4653) !important;background-position: center !important;background-repeat: no-repeat !important;background-size: cover !important;}&#8220;][vc_column]<div class=\"ult-spacer spacer-69dfe11f2d810\" data-id=\"69dfe11f2d810\" data-height=\"120\" data-height-mobile=\"90\" data-height-tab=\"120\" data-height-tab-portrait=\"90\" data-height-mobile-landscape=\"90\" style=\"clear:both;display:block;\"><\/div>[vc_column_text]<\/p>\n<h3 style=\"text-align: center;\">Der Luftstrom wird an der Unterseite eingeleitet<\/h3>\n<p style=\"text-align: center;\"><strong> und die Luft wird im System nach oben gedr\u00fcckt<\/strong><\/p>\n<p>[\/vc_column_text]<div class=\"ult-spacer spacer-69dfe11f2d835\" data-id=\"69dfe11f2d835\" data-height=\"120\" data-height-mobile=\"90\" data-height-tab=\"120\" data-height-tab-portrait=\"90\" data-height-mobile-landscape=\"90\" style=\"clear:both;display:block;\"><\/div>[\/vc_column][\/vc_row][vc_row full_width=&#8220;stretch_row&#8220;][vc_column]<div class=\"ult-spacer spacer-69dfe11f2d859\" data-id=\"69dfe11f2d859\" data-height=\"90\" data-height-mobile=\"60\" data-height-tab=\"90\" data-height-tab-portrait=\"60\" data-height-mobile-landscape=\"60\" style=\"clear:both;display:block;\"><\/div>[vc_column_text]<\/p>\n<h3 style=\"text-align: center;\">BBK bietet eine erstklassige Geruchsbeseitigung von bis zu 99,8%.<\/h3>\n<p style=\"text-align: center;\">Wir messen unsere Systeme kontinuierlich, um eine optimale Reinigung zu gew\u00e4hrleisten.<br \/>\nDer Reinigungsgrad variiert von Branche zu Branche und reicht von 99,8 % bei Norsk Protein Hamar bis 93,3 %.[\/vc_column_text][vc_empty_space height=&#8220;30px&#8220;][vc_row_inner][vc_column_inner width=&#8220;1\/6&#8243;][\/vc_column_inner][vc_column_inner width=&#8220;1\/3&#8243;][vc_round_chart type=&#8220;doughnut&#8220; stroke_width=&#8220;2&#8243; legend_position=&#8220;top&#8220; values=&#8220;%22%&#8220;][vc_empty_space height=&#8220;30px&#8220;][vc_column_text]<\/p>\n<p style=\"text-align: center;\"><strong>Tierk\u00f6rperbeseitigung &#8211; Norsk Protein Hamar<\/strong><\/p>\n<p>[\/vc_column_text][\/vc_column_inner][vc_column_inner width=&#8220;1\/3&#8243;][vc_round_chart type=&#8220;doughnut&#8220; stroke_width=&#8220;2&#8243; legend_position=&#8220;top&#8220; values=&#8220;%22%&#8220;][vc_empty_space height=&#8220;30px&#8220;][vc_column_text]<\/p>\n<p style=\"text-align: center;\"><strong>Biogas &#8211; Ribe Biogas<\/strong><\/p>\n<p>[\/vc_column_text][\/vc_column_inner][vc_column_inner width=&#8220;1\/6&#8243;][\/vc_column_inner][\/vc_row_inner]<div class=\"ult-spacer spacer-69dfe11f2d87d\" data-id=\"69dfe11f2d87d\" data-height=\"90\" data-height-mobile=\"60\" data-height-tab=\"90\" data-height-tab-portrait=\"60\" data-height-mobile-landscape=\"60\" style=\"clear:both;display:block;\"><\/div>[\/vc_column][\/vc_row][vc_row full_width=&#8220;stretch_row&#8220; el_class=&#8220;overlay parallax white cta&#8220; css=&#8220;.vc_custom_1701080637758{background-image: url(https:\/\/bbk.dk\/wp-content\/uploads\/2023\/11\/ingen-lugtgener.jpg?id=4653) !important;background-position: center !important;background-repeat: no-repeat !important;background-size: cover !important;}&#8220;][vc_column]<div class=\"ult-spacer spacer-69dfe11f2d89f\" data-id=\"69dfe11f2d89f\" data-height=\"120\" data-height-mobile=\"90\" data-height-tab=\"120\" data-height-tab-portrait=\"90\" data-height-mobile-landscape=\"90\" style=\"clear:both;display:block;\"><\/div>[vc_column_text]<\/p>\n<h3 style=\"text-align: center;\">Lattenrost mit 15 cm Leca-Muttern<\/h3>\n<p style=\"text-align: center;\"><strong>Das Filtermedium zersetzt sich nicht und wird nicht inaktiv.<\/strong><\/p>\n<p>[\/vc_column_text]<div class=\"ult-spacer spacer-69dfe11f2d8c1\" data-id=\"69dfe11f2d8c1\" data-height=\"120\" data-height-mobile=\"90\" data-height-tab=\"120\" data-height-tab-portrait=\"90\" data-height-mobile-landscape=\"90\" style=\"clear:both;display:block;\"><\/div>[\/vc_column][\/vc_row][vc_row full_width=&#8220;stretch_row&#8220; el_class=&#8220;gradient-down underside&#8220;][vc_column]<div class=\"ult-spacer spacer-69dfe11f2d8e3\" data-id=\"69dfe11f2d8e3\" data-height=\"90\" data-height-mobile=\"60\" data-height-tab=\"90\" data-height-tab-portrait=\"60\" data-height-mobile-landscape=\"60\" style=\"clear:both;display:block;\"><\/div>[vc_column_text]<\/p>\n<h3 style=\"text-align: center;\">BBK BIO-Filter f\u00fcr alle Gr\u00f6\u00dfen und Branchen<\/h3>\n<p>[\/vc_column_text]<div class=\"ult-spacer spacer-69dfe11f2d904\" data-id=\"69dfe11f2d904\" data-height=\"60\" data-height-mobile=\"30\" data-height-tab=\"60\" data-height-tab-portrait=\"30\" data-height-mobile-landscape=\"30\" style=\"clear:both;display:block;\"><\/div>[vc_row_inner equal_height=&#8220;yes&#8220; content_placement=&#8220;bottom&#8220;][vc_column_inner offset=&#8220;vc_col-lg-5 vc_col-md-5 vc_col-xs-12&#8243;][vc_column_text el_class=&#8220;text-box-left&#8220;]<\/p>\n<h4>Geb\u00e4ude &#8211; Biogas, D\u00e4nemark<\/h4>\n<p>Als der Biofilter eingef\u00fchrt wurde, war es eine gesetzliche Vorschrift, dass der Biofilter in drei Abschnitte unterteilt sein musste. Das bedeutet, dass bei der Wartung und beim Austausch des Filtermaterials weiterhin Luft im Filter gereinigt werden kann.[\/vc_column_text]<div class=\"ult-spacer spacer-69dfe11f2d925\" data-id=\"69dfe11f2d925\" data-height=\"0\" data-height-mobile=\"30\" data-height-tab=\"0\" data-height-tab-portrait=\"30\" data-height-mobile-landscape=\"30\" style=\"clear:both;display:block;\"><\/div>[\/vc_column_inner][vc_column_inner el_class=&#8220;img-box&#8220; offset=&#8220;vc_col-lg-7 vc_col-md-7 vc_col-xs-12&#8243; css=&#8220;.vc_custom_1701080431337{margin-right: 30px !important;margin-left: 30px !important;background-image: url(https:\/\/bbk.dk\/wp-content\/uploads\/2023\/11\/luftrensning-biofilter-stort-anlaeg.jpg?id=4671) !important;background-position: center !important;background-repeat: no-repeat !important;background-size: cover !important;}&#8220;]<div class=\"ult-spacer spacer-69dfe11f2d946\" data-id=\"69dfe11f2d946\" data-height=\"300\" data-height-mobile=\"200\" data-height-tab=\"300\" data-height-tab-portrait=\"300\" data-height-mobile-landscape=\"250\" style=\"clear:both;display:block;\"><\/div>[\/vc_column_inner][\/vc_row_inner]<div class=\"ult-spacer spacer-69dfe11f2d967\" data-id=\"69dfe11f2d967\" data-height=\"60\" data-height-mobile=\"30\" data-height-tab=\"60\" data-height-tab-portrait=\"30\" data-height-mobile-landscape=\"30\" style=\"clear:both;display:block;\"><\/div>[vc_row_inner equal_height=&#8220;yes&#8220; content_placement=&#8220;bottom&#8220; el_class=&#8220;reverse&#8220;][vc_column_inner el_class=&#8220;img-box&#8220; offset=&#8220;vc_col-lg-7 vc_col-md-7 vc_col-xs-12&#8243; css=&#8220;.vc_custom_1701080505221{margin-right: 30px !important;margin-left: 30px !important;background-image: url(https:\/\/bbk.dk\/wp-content\/uploads\/2023\/11\/lugtfri-rensningsanlaeg.jpg?id=4670) !important;background-position: center !important;background-repeat: no-repeat !important;background-size: cover !important;}&#8220;]<div class=\"ult-spacer spacer-69dfe11f2d987\" data-id=\"69dfe11f2d987\" data-height=\"300\" data-height-mobile=\"200\" data-height-tab=\"300\" data-height-tab-portrait=\"300\" data-height-mobile-landscape=\"250\" style=\"clear:both;display:block;\"><\/div>[\/vc_column_inner][vc_column_inner offset=&#8220;vc_col-lg-5 vc_col-md-5 vc_col-xs-12&#8243;][vc_column_text el_class=&#8220;text-box-right&#8220;]<\/p>\n<h4>Betontanks &#8211; Tierfutter, D\u00e4nemark<\/h4>\n<p>Der Biofilter ist in 2 G\u00fcllebeh\u00e4ltern mit PVC-Plane als Abdeckung eingebaut. Eine Mittels\u00e4ule und ein Luft\u00fcberdruck halten das Gewebe gespannt. Der Vorfilter befindet sich im vorderen Teil des Geb\u00e4udes.[\/vc_column_text]<div class=\"ult-spacer spacer-69dfe11f2d9a8\" data-id=\"69dfe11f2d9a8\" data-height=\"0\" data-height-mobile=\"30\" data-height-tab=\"0\" data-height-tab-portrait=\"30\" data-height-mobile-landscape=\"30\" style=\"clear:both;display:block;\"><\/div>[\/vc_column_inner][\/vc_row_inner]<div class=\"ult-spacer spacer-69dfe11f2d9c7\" data-id=\"69dfe11f2d9c7\" data-height=\"60\" data-height-mobile=\"30\" data-height-tab=\"60\" data-height-tab-portrait=\"30\" data-height-mobile-landscape=\"30\" style=\"clear:both;display:block;\"><\/div>[vc_row_inner equal_height=&#8220;yes&#8220; content_placement=&#8220;bottom&#8220;][vc_column_inner offset=&#8220;vc_col-lg-5 vc_col-md-5 vc_col-xs-12&#8243;][vc_column_text el_class=&#8220;text-box-left&#8220;]<\/p>\n<h4>Kassette &#8211; Fischzucht, Norwegen<\/h4>\n<p>Der Biofilter ist in einer Kassette aus Sandwichelementen als Plug-and-Play-L\u00f6sung eingebaut.[\/vc_column_text]<div class=\"ult-spacer spacer-69dfe11f2d9e7\" data-id=\"69dfe11f2d9e7\" data-height=\"0\" data-height-mobile=\"30\" data-height-tab=\"0\" data-height-tab-portrait=\"30\" data-height-mobile-landscape=\"30\" style=\"clear:both;display:block;\"><\/div>[\/vc_column_inner][vc_column_inner el_class=&#8220;img-box&#8220; offset=&#8220;vc_col-lg-7 vc_col-md-7 vc_col-xs-12&#8243; css=&#8220;.vc_custom_1701080531472{margin-right: 30px !important;margin-left: 30px !important;background-image: url(https:\/\/bbk.dk\/wp-content\/uploads\/2023\/11\/rensning-af-lugt-biofilter-1-aasen-settefisk.jpg?id=4667) !important;background-position: center !important;background-repeat: no-repeat !important;background-size: cover !important;}&#8220;]<div class=\"ult-spacer spacer-69dfe11f2da06\" data-id=\"69dfe11f2da06\" data-height=\"300\" data-height-mobile=\"200\" data-height-tab=\"300\" data-height-tab-portrait=\"300\" data-height-mobile-landscape=\"250\" style=\"clear:both;display:block;\"><\/div>[\/vc_column_inner][\/vc_row_inner]<div class=\"ult-spacer spacer-69dfe11f2da26\" data-id=\"69dfe11f2da26\" data-height=\"60\" data-height-mobile=\"30\" data-height-tab=\"60\" data-height-tab-portrait=\"30\" data-height-mobile-landscape=\"30\" style=\"clear:both;display:block;\"><\/div>[vc_row_inner equal_height=&#8220;yes&#8220; content_placement=&#8220;bottom&#8220; el_class=&#8220;reverse&#8220;][vc_column_inner el_class=&#8220;img-box&#8220; offset=&#8220;vc_col-lg-7 vc_col-md-7 vc_col-xs-12&#8243; css=&#8220;.vc_custom_1701080559246{margin-right: 30px !important;margin-left: 30px !important;background-image: url(https:\/\/bbk.dk\/wp-content\/uploads\/2023\/11\/biorensing-datschaub.jpg?id=4669) !important;background-position: center !important;background-repeat: no-repeat !important;background-size: cover !important;}&#8220;]<div class=\"ult-spacer spacer-69dfe11f2da45\" data-id=\"69dfe11f2da45\" data-height=\"300\" data-height-mobile=\"200\" data-height-tab=\"300\" data-height-tab-portrait=\"300\" data-height-mobile-landscape=\"250\" style=\"clear:both;display:block;\"><\/div>[\/vc_column_inner][vc_column_inner offset=&#8220;vc_col-lg-5 vc_col-md-5 vc_col-xs-12&#8243;][vc_column_text el_class=&#8220;text-box-right&#8220;]<\/p>\n<h4>Betongeb\u00e4ude &#8211; Schlachthof, D\u00e4nemark<\/h4>\n<p>Der Biofilter befindet sich in einem den Platzverh\u00e4ltnissen angepassten Geb\u00e4ude und ist daher an einem Ende am breitesten.Er ist aus Betonelementen mit PVC-Gewebe als Abdeckung gebaut. Eine Mittels\u00e4ule und ein Luft\u00fcberdruck halten das Gewebe auf Spannung.[\/vc_column_text]<div class=\"ult-spacer spacer-69dfe11f2da63\" data-id=\"69dfe11f2da63\" data-height=\"0\" data-height-mobile=\"30\" data-height-tab=\"0\" data-height-tab-portrait=\"30\" data-height-mobile-landscape=\"30\" style=\"clear:both;display:block;\"><\/div>[\/vc_column_inner][\/vc_row_inner]<div class=\"ult-spacer spacer-69dfe11f2da81\" data-id=\"69dfe11f2da81\" data-height=\"60\" data-height-mobile=\"30\" data-height-tab=\"60\" data-height-tab-portrait=\"30\" data-height-mobile-landscape=\"30\" style=\"clear:both;display:block;\"><\/div>[vc_row_inner equal_height=&#8220;yes&#8220; content_placement=&#8220;bottom&#8220;][vc_column_inner offset=&#8220;vc_col-lg-5 vc_col-md-5 vc_col-xs-12&#8243;][vc_column_text el_class=&#8220;text-box-left&#8220;]<\/p>\n<h4>Abschnitte &#8211; Kl\u00e4ranlagen, Schweden<\/h4>\n<p>Der Biofilter ist zwischen 2 Sedimentationsbecken eingebaut, der Filter ist in 2 Abschnitte unterteilt. Das Foto zeigt das Innere des Biofilters.[\/vc_column_text]<div class=\"ult-spacer spacer-69dfe11f2da9f\" data-id=\"69dfe11f2da9f\" data-height=\"0\" data-height-mobile=\"30\" data-height-tab=\"0\" data-height-tab-portrait=\"30\" data-height-mobile-landscape=\"30\" style=\"clear:both;display:block;\"><\/div>[\/vc_column_inner][vc_column_inner el_class=&#8220;img-box&#8220; offset=&#8220;vc_col-lg-7 vc_col-md-7 vc_col-xs-12&#8243; css=&#8220;.vc_custom_1701080580436{margin-right: 30px !important;margin-left: 30px !important;background-image: url(https:\/\/bbk.dk\/wp-content\/uploads\/2023\/11\/biorensningsfilter-uppsala.jpg?id=4668) !important;background-position: center !important;background-repeat: no-repeat !important;background-size: cover !important;}&#8220;]<div class=\"ult-spacer spacer-69dfe11f2dabd\" data-id=\"69dfe11f2dabd\" data-height=\"300\" data-height-mobile=\"200\" data-height-tab=\"300\" data-height-tab-portrait=\"300\" data-height-mobile-landscape=\"250\" style=\"clear:both;display:block;\"><\/div>[\/vc_column_inner][\/vc_row_inner]<div class=\"ult-spacer spacer-69dfe11f2dadb\" data-id=\"69dfe11f2dadb\" data-height=\"90\" data-height-mobile=\"60\" data-height-tab=\"90\" data-height-tab-portrait=\"60\" data-height-mobile-landscape=\"60\" style=\"clear:both;display:block;\"><\/div>[\/vc_column][\/vc_row][vc_row full_width=&#8220;stretch_row&#8220; el_class=&#8220;overlay parallax white cta&#8220; css=&#8220;.vc_custom_1701080637758{background-image: url(https:\/\/bbk.dk\/wp-content\/uploads\/2023\/11\/ingen-lugtgener.jpg?id=4653) !important;background-position: center !important;background-repeat: no-repeat !important;background-size: cover !important;}&#8220;][vc_column]<div class=\"ult-spacer spacer-69dfe11f2daf8\" data-id=\"69dfe11f2daf8\" data-height=\"120\" data-height-mobile=\"90\" data-height-tab=\"120\" data-height-tab-portrait=\"90\" data-height-mobile-landscape=\"90\" style=\"clear:both;display:block;\"><\/div>[vc_column_text]<\/p>\n<h3 style=\"text-align: center;\">Mit Mikroorganismen beimpfter BBK-Biofilter<\/h3>\n<p style=\"text-align: center;\"><strong>Befeuchtet durch Bew\u00e4sserungssysteme f\u00fcr maximale Geruchsbeseitigung<\/strong><\/p>\n<p>[\/vc_column_text]<div class=\"ult-spacer spacer-69dfe11f2db1a\" data-id=\"69dfe11f2db1a\" data-height=\"120\" data-height-mobile=\"90\" data-height-tab=\"120\" data-height-tab-portrait=\"90\" data-height-mobile-landscape=\"90\" style=\"clear:both;display:block;\"><\/div>[\/vc_column][\/vc_row]<\/p>\n<\/div>","protected":false},"excerpt":{"rendered":"<p>[vc_row full_width=&#8220;stretch_row&#8220; el_class=&#8220;light&#8220;][vc_column][vc_row_inner equal_height=&#8220;yes&#8220;][vc_column_inner offset=&#8220;vc_col-lg-6 vc_col-md-6 vc_col-xs-12&#8243;][vc_column_text] Die Technologie hinter Wie ein Biofilter funktioniert Auf dem Betonboden wird ein Spaltenboden verlegt, auf den ein Kunststoffnetz gelegt wird, auf das Kunststoffnetz wird 15 cm Leca gelegt, auf das 1 m3 Biofiltermaterial BBK pro m2 gelegt wird. Das Biofiltermaterial wird mit ausgew\u00e4hlten Mikroorganismen beimpft. Zur Bew\u00e4sserung des &#8230; <a title=\"Technologie\" class=\"read-more\" href=\"https:\/\/bbk.dk\/de\/technologie\/\" aria-label=\"Mehr Informationen \u00fcber Technologie\">Weiterlesen &#8230;<\/a><\/p>\n","protected":false},"author":1,"featured_media":5033,"parent":0,"menu_order":1,"comment_status":"closed","ping_status":"closed","template":"","meta":{"_acf_changed":false,"footnotes":""},"categories":[],"class_list":["post-5031","page","type-page","status-publish","has-post-thumbnail"],"acf":[],"_links":{"self":[{"href":"https:\/\/bbk.dk\/de\/wp-json\/wp\/v2\/pages\/5031"}],"collection":[{"href":"https:\/\/bbk.dk\/de\/wp-json\/wp\/v2\/pages"}],"about":[{"href":"https:\/\/bbk.dk\/de\/wp-json\/wp\/v2\/types\/page"}],"author":[{"embeddable":true,"href":"https:\/\/bbk.dk\/de\/wp-json\/wp\/v2\/users\/1"}],"replies":[{"embeddable":true,"href":"https:\/\/bbk.dk\/de\/wp-json\/wp\/v2\/comments?post=5031"}],"version-history":[{"count":10,"href":"https:\/\/bbk.dk\/de\/wp-json\/wp\/v2\/pages\/5031\/revisions"}],"predecessor-version":[{"id":5136,"href":"https:\/\/bbk.dk\/de\/wp-json\/wp\/v2\/pages\/5031\/revisions\/5136"}],"wp:featuredmedia":[{"embeddable":true,"href":"https:\/\/bbk.dk\/de\/wp-json\/wp\/v2\/media\/5033"}],"wp:attachment":[{"href":"https:\/\/bbk.dk\/de\/wp-json\/wp\/v2\/media?parent=5031"}],"wp:term":[{"taxonomy":"category","embeddable":true,"href":"https:\/\/bbk.dk\/de\/wp-json\/wp\/v2\/categories?post=5031"}],"curies":[{"name":"wp","href":"https:\/\/api.w.org\/{rel}","templated":true}]}}