{"id":4970,"date":"2023-11-27T09:16:21","date_gmt":"2023-11-27T08:16:21","guid":{"rendered":"https:\/\/bbk.dk\/faelle\/vegger-biogas\/"},"modified":"2024-02-09T15:13:53","modified_gmt":"2024-02-09T14:13:53","slug":"vegger-biogas","status":"publish","type":"page","link":"https:\/\/bbk.dk\/de\/faelle\/vegger-biogas\/","title":{"rendered":"Vegger-Biogas"},"content":{"rendered":"<div class=\"wpb-content-wrapper\"><p>[vc_row full_width=&#8220;stretch_row&#8220; el_class=&#8220;light&#8220;][vc_column]<div class=\"ult-spacer spacer-69f3ed99e1a6f\" data-id=\"69f3ed99e1a6f\" data-height=\"90\" data-height-mobile=\"60\" data-height-tab=\"90\" data-height-tab-portrait=\"60\" data-height-mobile-landscape=\"60\" style=\"clear:both;display:block;\"><\/div>[vc_row_inner equal_height=&#8220;yes&#8220;][vc_column_inner offset=&#8220;vc_col-lg-6 vc_col-md-6 vc_col-xs-12&#8243;][vc_column_text]<\/p>\n<h2>Sichere und wirksame Geruchsbeseitigung<\/h2>\n<p>Vegger Biogas ist die \u00e4lteste Biogasanlage D\u00e4nemarks und wurde 1986 im Rahmen des d\u00e4nischen Energieplans f\u00fcr D\u00f6rfer gebaut. Das Unternehmen schloss 2014 eine gr\u00f6\u00dfere Erweiterung ab und musste das alte Rindenfiltersystem durch einen sicheren und effizienten Biofilter ersetzen, der einer viel gr\u00f6\u00dferen Geruchsentwicklung gewachsen ist und die strengeren Anforderungen der Beh\u00f6rden an die Geruchsbeseitigung erf\u00fcllt.<\/p>\n<p>In der Ausschreibungsphase war die BBK der einzige Biofilterhersteller, der eine geruchsfreie Anlage ohne Nachbarschaftsbeschwerden garantieren konnte. In der Planungsphase wurde die Auslegung der L\u00fcftung eng abgestimmt, wobei das BBK u.a. die Punktabsaugung und die Verrohrung mit Hilfe von Rauchfahnen festlegte. Aus diesem Grund wurde die neue Einrichtung vom ersten Tag an vollst\u00e4ndig modernisiert.<\/p>\n<p>Der Biofilter wird in 2 Abschnitten aus Betonfertigteilen gebaut. BBK lieferte die Absauganlage\/Rohrleitungen, Geb\u00e4ude und Filterl\u00f6sung.[\/vc_column_text]<div class=\"ult-spacer spacer-69f3ed99e1abb\" data-id=\"69f3ed99e1abb\" data-height=\"0\" data-height-mobile=\"30\" data-height-tab=\"0\" data-height-tab-portrait=\"30\" data-height-mobile-landscape=\"30\" style=\"clear:both;display:block;\"><\/div>[\/vc_column_inner][vc_column_inner el_class=&#8220;img-box&#8220; offset=&#8220;vc_col-lg-6 vc_col-md-6 vc_col-xs-12&#8243; css=&#8220;.vc_custom_1701087439582{margin-right: 30px !important;margin-left: 30px !important;background-image: url(https:\/\/bbk.dk\/wp-content\/uploads\/2023\/11\/fjerner-lugt-fra-biorens-vegger.jpg?id=4761) !important;background-position: center !important;background-repeat: no-repeat !important;background-size: cover !important;}&#8220;]<div class=\"ult-spacer spacer-69f3ed99e1af1\" data-id=\"69f3ed99e1af1\" data-height=\"0\" data-height-mobile=\"200\" data-height-tab=\"0\" data-height-tab-portrait=\"300\" data-height-mobile-landscape=\"250\" style=\"clear:both;display:block;\"><\/div>[\/vc_column_inner][\/vc_row_inner]<div class=\"ult-spacer spacer-69f3ed99e1b1a\" data-id=\"69f3ed99e1b1a\" data-height=\"90\" data-height-mobile=\"60\" data-height-tab=\"90\" data-height-tab-portrait=\"60\" data-height-mobile-landscape=\"60\" style=\"clear:both;display:block;\"><\/div>[\/vc_column][\/vc_row][vc_row full_width=&#8220;stretch_row&#8220;][vc_column]<div class=\"ult-spacer spacer-69f3ed99e1b3f\" data-id=\"69f3ed99e1b3f\" data-height=\"90\" data-height-mobile=\"60\" data-height-tab=\"90\" data-height-tab-portrait=\"60\" data-height-mobile-landscape=\"60\" style=\"clear:both;display:block;\"><\/div>[vc_row_inner][vc_column_inner width=&#8220;1\/2&#8243; offset=&#8220;vc_col-lg-1\/5 vc_col-md-6 vc_col-xs-12&#8243;]<div class=\"aio-icon-component    style_1\"><div id=\"Info-box-wrap-8695\" class=\"aio-icon-box top-icon\" style=\"\"  ><div class=\"aio-icon-top\"><div class=\"ult-just-icon-wrapper  \"><div class=\"align-icon\" style=\"text-align:center;\">\n<div class=\"aio-icon-img \" style=\"font-size:48px;display:inline-block;\" >\n\t<img decoding=\"async\" class=\"img-icon\" alt=\"null\" src=\"https:\/\/bbk.dk\/wp-content\/uploads\/2023\/11\/star.svg\"\/>\n<\/div><\/div><\/div><\/div><div class=\"aio-icon-header\" ><h3 class=\"aio-icon-title ult-responsive\"  data-ultimate-target='#Info-box-wrap-8695 .aio-icon-title'  data-responsive-json-new='{\"font-size\":\"desktop:20px;\",\"line-height\":\"\"}'  style=\"color:#000000;\">Kapazit\u00e4t<\/h3><\/div> <!-- header --><div class=\"aio-icon-description ult-responsive\"  data-ultimate-target='#Info-box-wrap-8695 .aio-icon-description'  data-responsive-json-new='{\"font-size\":\"desktop:14px;\",\"line-height\":\"\"}'  style=\"color:#666666;\">150.000 Tonnen Biomasse\/Jahr<\/div> <!-- description --><\/div> <!-- aio-icon-box --><\/div> <!-- aio-icon-component --><div class=\"ult-spacer spacer-69f3ed99e1f0d\" data-id=\"69f3ed99e1f0d\" data-height=\"0\" data-height-mobile=\"0\" data-height-tab=\"30\" data-height-tab-portrait=\"30\" data-height-mobile-landscape=\"0\" style=\"clear:both;display:block;\"><\/div>[\/vc_column_inner][vc_column_inner width=&#8220;1\/2&#8243; offset=&#8220;vc_col-lg-1\/5 vc_col-md-6 vc_col-xs-12&#8243;]<div class=\"aio-icon-component    style_1\"><div id=\"Info-box-wrap-4718\" class=\"aio-icon-box top-icon\" style=\"\"  ><div class=\"aio-icon-top\"><div class=\"ult-just-icon-wrapper  \"><div class=\"align-icon\" style=\"text-align:center;\">\n<div class=\"aio-icon-img \" style=\"font-size:48px;display:inline-block;\" >\n\t<img decoding=\"async\" class=\"img-icon\" alt=\"null\" src=\"https:\/\/bbk.dk\/wp-content\/uploads\/2023\/11\/factory.svg\"\/>\n<\/div><\/div><\/div><\/div><div class=\"aio-icon-header\" ><h3 class=\"aio-icon-title ult-responsive\"  data-ultimate-target='#Info-box-wrap-4718 .aio-icon-title'  data-responsive-json-new='{\"font-size\":\"desktop:20px;\",\"line-height\":\"\"}'  style=\"color:#000000;\">Produktion<\/h3><\/div> <!-- header --><div class=\"aio-icon-description ult-responsive\"  data-ultimate-target='#Info-box-wrap-4718 .aio-icon-description'  data-responsive-json-new='{\"font-size\":\"desktop:14px;\",\"line-height\":\"\"}'  style=\"color:#666666;\">7,1 Millionen m<sup>3<\/sup> Biogas\/Jahr<\/div> <!-- description --><\/div> <!-- aio-icon-box --><\/div> <!-- aio-icon-component --><div class=\"ult-spacer spacer-69f3ed99e21df\" data-id=\"69f3ed99e21df\" data-height=\"0\" data-height-mobile=\"0\" data-height-tab=\"30\" data-height-tab-portrait=\"30\" data-height-mobile-landscape=\"0\" style=\"clear:both;display:block;\"><\/div>[\/vc_column_inner][vc_column_inner width=&#8220;1\/2&#8243; offset=&#8220;vc_col-lg-1\/5 vc_col-md-6 vc_col-xs-12&#8243;]<div class=\"aio-icon-component    style_1\"><div id=\"Info-box-wrap-5351\" class=\"aio-icon-box top-icon\" style=\"\"  ><div class=\"aio-icon-top\"><div class=\"ult-just-icon-wrapper  \"><div class=\"align-icon\" style=\"text-align:center;\">\n<div class=\"aio-icon-img \" style=\"font-size:48px;display:inline-block;\" >\n\t<img decoding=\"async\" class=\"img-icon\" alt=\"null\" src=\"https:\/\/bbk.dk\/wp-content\/uploads\/2023\/11\/star.svg\"\/>\n<\/div><\/div><\/div><\/div><div class=\"aio-icon-header\" ><h3 class=\"aio-icon-title ult-responsive\"  data-ultimate-target='#Info-box-wrap-5351 .aio-icon-title'  data-responsive-json-new='{\"font-size\":\"desktop:20px;\",\"line-height\":\"\"}'  style=\"color:#000000;\">Filterkapazit\u00e4t<\/h3><\/div> <!-- header --><div class=\"aio-icon-description ult-responsive\"  data-ultimate-target='#Info-box-wrap-5351 .aio-icon-description'  data-responsive-json-new='{\"font-size\":\"desktop:14px;\",\"line-height\":\"\"}'  style=\"color:#666666;\">30.000 m<sup>3<\/sup> \/Stunde<\/div> <!-- description --><\/div> <!-- aio-icon-box --><\/div> <!-- aio-icon-component --><div class=\"ult-spacer spacer-69f3ed99e2318\" data-id=\"69f3ed99e2318\" data-height=\"0\" data-height-mobile=\"0\" data-height-tab=\"30\" data-height-tab-portrait=\"30\" data-height-mobile-landscape=\"0\" style=\"clear:both;display:block;\"><\/div>[\/vc_column_inner][vc_column_inner width=&#8220;1\/2&#8243; offset=&#8220;vc_col-lg-1\/5 vc_col-md-6 vc_col-xs-12&#8243;]<div class=\"aio-icon-component    style_1\"><div id=\"Info-box-wrap-5508\" class=\"aio-icon-box top-icon\" style=\"\"  ><div class=\"aio-icon-top\"><div class=\"ult-just-icon-wrapper  \"><div class=\"align-icon\" style=\"text-align:center;\">\n<div class=\"aio-icon-img \" style=\"font-size:48px;display:inline-block;\" >\n\t<img decoding=\"async\" class=\"img-icon\" alt=\"null\" src=\"https:\/\/bbk.dk\/wp-content\/uploads\/2023\/11\/3d-cube.svg\"\/>\n<\/div><\/div><\/div><\/div><div class=\"aio-icon-header\" ><h3 class=\"aio-icon-title ult-responsive\"  data-ultimate-target='#Info-box-wrap-5508 .aio-icon-title'  data-responsive-json-new='{\"font-size\":\"desktop:20px;\",\"line-height\":\"\"}'  style=\"color:#000000;\">Abmessungen<\/h3><\/div> <!-- header --><div class=\"aio-icon-description ult-responsive\"  data-ultimate-target='#Info-box-wrap-5508 .aio-icon-description'  data-responsive-json-new='{\"font-size\":\"desktop:14px;\",\"line-height\":\"\"}'  style=\"color:#666666;\">Vorfilter 45 m<sup>2<\/sup><br \/>\nBiofilter 230 m<sup>2<\/sup><\/div> <!-- description --><\/div> <!-- aio-icon-box --><\/div> <!-- aio-icon-component -->[\/vc_column_inner][vc_column_inner offset=&#8220;vc_col-lg-1\/5 vc_col-md-12 vc_col-xs-12&#8243;]<div class=\"aio-icon-component    style_1\"><div id=\"Info-box-wrap-8355\" class=\"aio-icon-box top-icon\" style=\"\"  ><div class=\"aio-icon-top\"><div class=\"ult-just-icon-wrapper  \"><div class=\"align-icon\" style=\"text-align:center;\">\n<div class=\"aio-icon-img \" style=\"font-size:48px;display:inline-block;\" >\n\t<img decoding=\"async\" class=\"img-icon\" alt=\"null\" src=\"https:\/\/bbk.dk\/wp-content\/uploads\/2023\/11\/hourglass.svg\"\/>\n<\/div><\/div><\/div><\/div><div class=\"aio-icon-header\" ><h3 class=\"aio-icon-title ult-responsive\"  data-ultimate-target='#Info-box-wrap-8355 .aio-icon-title'  data-responsive-json-new='{\"font-size\":\"desktop:20px;\",\"line-height\":\"\"}'  style=\"color:#000000;\">Lebenserwartung<\/h3><\/div> <!-- header --><div class=\"aio-icon-description ult-responsive\"  data-ultimate-target='#Info-box-wrap-8355 .aio-icon-description'  data-responsive-json-new='{\"font-size\":\"desktop:14px;\",\"line-height\":\"\"}'  style=\"color:#666666;\">8 &#8211; 15 Jahre, abh\u00e4ngig von den Konzentrationen in der dem Biofilter zugef\u00fchrten Luft.<\/div> <!-- description --><\/div> <!-- aio-icon-box --><\/div> <!-- aio-icon-component -->[\/vc_column_inner][\/vc_row_inner]<div class=\"ult-spacer spacer-69f3ed99e2879\" data-id=\"69f3ed99e2879\" data-height=\"90\" data-height-mobile=\"60\" data-height-tab=\"90\" data-height-tab-portrait=\"60\" data-height-mobile-landscape=\"60\" style=\"clear:both;display:block;\"><\/div>[\/vc_column][\/vc_row][vc_row full_width=&#8220;stretch_row&#8220; el_class=&#8220;overlay parallax white cta&#8220; css=&#8220;.vc_custom_1701087529576{background-image: url(https:\/\/bbk.dk\/wp-content\/uploads\/2023\/11\/richard-bengtsen-driftsleder-vegger-biogas.jpg?id=4764) !important;background-position: center !important;background-repeat: no-repeat !important;background-size: cover !important;}&#8220;][vc_column]<div class=\"ult-spacer spacer-69f3ed99e28a5\" data-id=\"69f3ed99e28a5\" data-height=\"120\" data-height-mobile=\"90\" data-height-tab=\"120\" data-height-tab-portrait=\"90\" data-height-mobile-landscape=\"90\" style=\"clear:both;display:block;\"><\/div>[vc_column_text]<\/p>\n<p style=\"text-align: center;\"><strong><em>&#8222;Unser Ziel war es, das Dorf mit g\u00fcnstiger Energie zu versorgen und die Nachbarn nicht mit Ger\u00fcchen zu belasten. Das haben wir voll erreicht. Nach einer reibungslosen BBK-Lieferung haben wir jetzt einen Servicevertrag mit viertelj\u00e4hrlichen Besuchen und technischem Service. Die BBK ist oft Vorreiter bei Verbesserungen, und das Umweltinspektorat hat bei Inspektionsbesuchen noch nie eine kritische Bemerkung gemacht. Ich kann mich an keinen einzigen Kritikpunkt in unserer Zusammenarbeit erinnern, bei dem wir offen miteinander gesprochen h\u00e4tten. Es funktioniert einfach&#8220;.<\/em><\/strong><\/p>\n<p style=\"text-align: center;\">Richard Bengtsen, Betriebsleiter, Vegger Biogas<\/p>\n<p>[\/vc_column_text]<div class=\"ult-spacer spacer-69f3ed99e28c9\" data-id=\"69f3ed99e28c9\" data-height=\"120\" data-height-mobile=\"90\" data-height-tab=\"120\" data-height-tab-portrait=\"90\" data-height-mobile-landscape=\"90\" style=\"clear:both;display:block;\"><\/div>[\/vc_column][\/vc_row][vc_row full_width=&#8220;stretch_row&#8220; el_class=&#8220;gradient-down underside&#8220;][vc_column]<div class=\"ult-spacer spacer-69f3ed99e28ea\" data-id=\"69f3ed99e28ea\" data-height=\"90\" data-height-mobile=\"60\" data-height-tab=\"90\" data-height-tab-portrait=\"60\" data-height-mobile-landscape=\"60\" style=\"clear:both;display:block;\"><\/div>[vc_row_inner equal_height=&#8220;yes&#8220; content_placement=&#8220;bottom&#8220;][vc_column_inner offset=&#8220;vc_col-lg-5 vc_col-md-5 vc_col-xs-12&#8243;][vc_column_text el_class=&#8220;text-box-left&#8220;]<\/p>\n<h4>Nachhaltige Biogaserzeugung<\/h4>\n<p>Vegger Biogas wandelt Kl\u00e4rschlamm, G\u00fclle und biologische Abf\u00e4lle in Biogas um. Sie wurde f\u00fcr 60 Tonnen Biomasse pro Tag gebaut und ist nun auf 400 Tonnen pro Tag erweitert worden. Die viel gr\u00f6\u00dferen Mengen, die in einer kleinen Stadt umgeschlagen werden, stellen hohe Anforderungen an den Prozessschutz und ein dichtes Rohrleitungssystem, um Ger\u00fcche aus Tanks, Lagern usw. abzusaugen, damit alle Geruchsstoffe im Filtersystem entfernt werden und nichts entweicht.[\/vc_column_text]<div class=\"ult-spacer spacer-69f3ed99e290a\" data-id=\"69f3ed99e290a\" data-height=\"0\" data-height-mobile=\"30\" data-height-tab=\"0\" data-height-tab-portrait=\"30\" data-height-mobile-landscape=\"30\" style=\"clear:both;display:block;\"><\/div>[\/vc_column_inner][vc_column_inner el_class=&#8220;img-box&#8220; offset=&#8220;vc_col-lg-7 vc_col-md-7 vc_col-xs-12&#8243; css=&#8220;.vc_custom_1701087519739{margin-right: 30px !important;margin-left: 30px !important;background-image: url(https:\/\/bbk.dk\/wp-content\/uploads\/2023\/11\/fjerner-lugt-gener-vegger-rensningsanlaeg.jpg?id=4763) !important;background-position: center !important;background-repeat: no-repeat !important;background-size: cover !important;}&#8220;]<div class=\"ult-spacer spacer-69f3ed99e2929\" data-id=\"69f3ed99e2929\" data-height=\"300\" data-height-mobile=\"200\" data-height-tab=\"300\" data-height-tab-portrait=\"300\" data-height-mobile-landscape=\"250\" style=\"clear:both;display:block;\"><\/div>[\/vc_column_inner][\/vc_row_inner]<div class=\"ult-spacer spacer-69f3ed99e2950\" data-id=\"69f3ed99e2950\" data-height=\"90\" data-height-mobile=\"60\" data-height-tab=\"90\" data-height-tab-portrait=\"60\" data-height-mobile-landscape=\"60\" style=\"clear:both;display:block;\"><\/div>[\/vc_column][\/vc_row]<\/p>\n<\/div>","protected":false},"excerpt":{"rendered":"<p>Biogasanlage<\/p>\n","protected":false},"author":1,"featured_media":4950,"parent":4965,"menu_order":9,"comment_status":"closed","ping_status":"closed","template":"","meta":{"_acf_changed":false,"footnotes":""},"categories":[49],"class_list":{"0":"post-4970","1":"page","2":"type-page","3":"status-publish","4":"has-post-thumbnail","6":"category-dienstleistungen"},"acf":[],"_links":{"self":[{"href":"https:\/\/bbk.dk\/de\/wp-json\/wp\/v2\/pages\/4970"}],"collection":[{"href":"https:\/\/bbk.dk\/de\/wp-json\/wp\/v2\/pages"}],"about":[{"href":"https:\/\/bbk.dk\/de\/wp-json\/wp\/v2\/types\/page"}],"author":[{"embeddable":true,"href":"https:\/\/bbk.dk\/de\/wp-json\/wp\/v2\/users\/1"}],"replies":[{"embeddable":true,"href":"https:\/\/bbk.dk\/de\/wp-json\/wp\/v2\/comments?post=4970"}],"version-history":[{"count":5,"href":"https:\/\/bbk.dk\/de\/wp-json\/wp\/v2\/pages\/4970\/revisions"}],"predecessor-version":[{"id":5142,"href":"https:\/\/bbk.dk\/de\/wp-json\/wp\/v2\/pages\/4970\/revisions\/5142"}],"up":[{"embeddable":true,"href":"https:\/\/bbk.dk\/de\/wp-json\/wp\/v2\/pages\/4965"}],"wp:featuredmedia":[{"embeddable":true,"href":"https:\/\/bbk.dk\/de\/wp-json\/wp\/v2\/media\/4950"}],"wp:attachment":[{"href":"https:\/\/bbk.dk\/de\/wp-json\/wp\/v2\/media?parent=4970"}],"wp:term":[{"taxonomy":"category","embeddable":true,"href":"https:\/\/bbk.dk\/de\/wp-json\/wp\/v2\/categories?post=4970"}],"curies":[{"name":"wp","href":"https:\/\/api.w.org\/{rel}","templated":true}]}}