{"id":4965,"date":"2023-11-27T09:16:19","date_gmt":"2023-11-27T08:16:19","guid":{"rendered":"https:\/\/bbk.dk\/faelle\/"},"modified":"2024-02-09T13:21:08","modified_gmt":"2024-02-09T12:21:08","slug":"faelle","status":"publish","type":"page","link":"https:\/\/bbk.dk\/de\/faelle\/","title":{"rendered":"F\u00e4lle"},"content":{"rendered":"<div class=\"wpb-content-wrapper\"><p>[vc_row full_width=&#8220;stretch_row&#8220; el_class=&#8220;light&#8220;][vc_column]<div class=\"ult-spacer spacer-69dfe11557700\" data-id=\"69dfe11557700\" data-height=\"90\" data-height-mobile=\"60\" data-height-tab=\"90\" data-height-tab-portrait=\"60\" data-height-mobile-landscape=\"60\" style=\"clear:both;display:block;\"><\/div>[vc_column_text]<\/p>\n<h6>F\u00e4lle<\/h6>\n<h2>Beispiele f\u00fcr Anwendungen<\/h2>\n<p>[\/vc_column_text][vc_empty_space height=&#8220;60px&#8220;][vc_media_grid style=&#8220;pagination&#8220; items_per_page=&#8220;4&#8243; element_width=&#8220;3&#8243; gap=&#8220;20&#8243; arrows_design=&#8220;vc_arrow-icon-arrow_01_left&#8220; arrows_position=&#8220;outside&#8220; arrows_color=&#8220;black&#8220; paging_design=&#8220;none&#8220; loop=&#8220;yes&#8220; autoplay=&#8220;10&#8243; item=&#8220;4917&#8243; grid_id=&#8220;vc_gid:1704981346361-b840c69e-df81-0&#8243; include=&#8220;4671,4670,4667,4669,4668&#8243;]<div class=\"ult-spacer spacer-69dfe11557754\" data-id=\"69dfe11557754\" data-height=\"90\" data-height-mobile=\"60\" data-height-tab=\"90\" data-height-tab-portrait=\"60\" data-height-mobile-landscape=\"60\" style=\"clear:both;display:block;\"><\/div>[\/vc_column][\/vc_row][vc_row full_width=&#8220;stretch_row&#8220;][vc_column]<div class=\"ult-spacer spacer-69dfe1155777c\" data-id=\"69dfe1155777c\" data-height=\"90\" data-height-mobile=\"60\" data-height-tab=\"90\" data-height-tab-portrait=\"60\" data-height-mobile-landscape=\"60\" style=\"clear:both;display:block;\"><\/div>[vc_column_text]<\/p>\n<h3>Lesen Sie hier mehr \u00fcber ausgew\u00e4hlte F\u00e4lle<\/h3>\n<p>Wir sind stolz auf unsere zahlreichen Einrichtungen, die einen sp\u00fcrbaren Beitrag zum Umweltschutz leisten. Die Einrichtungen decken ein breites Spektrum an Geografien, Gr\u00f6\u00dfen und Branchen ab.[\/vc_column_text][vc_empty_space height=&#8220;30px&#8220;][vc_basic_grid post_type=&#8220;page&#8220; max_items=&#8220;-1&#8243; gap=&#8220;20&#8243; order=&#8220;ASC&#8220; item=&#8220;4755&#8243; grid_id=&#8220;vc_gid:1704981346364-a34b1b85-f42a-0&#8243; taxonomies=&#8220;25&#8243;]<div class=\"ult-spacer spacer-69dfe1155779f\" data-id=\"69dfe1155779f\" data-height=\"90\" data-height-mobile=\"60\" data-height-tab=\"90\" data-height-tab-portrait=\"60\" data-height-mobile-landscape=\"60\" style=\"clear:both;display:block;\"><\/div>[\/vc_column][\/vc_row]<\/p>\n<\/div>","protected":false},"excerpt":{"rendered":"<p>[vc_row full_width=&#8220;stretch_row&#8220; el_class=&#8220;light&#8220;][vc_column][vc_column_text] F\u00e4lle Beispiele f\u00fcr Anwendungen [\/vc_column_text][vc_empty_space height=&#8220;60px&#8220;][vc_media_grid style=&#8220;pagination&#8220; items_per_page=&#8220;4&#8243; element_width=&#8220;3&#8243; gap=&#8220;20&#8243; arrows_design=&#8220;vc_arrow-icon-arrow_01_left&#8220; arrows_position=&#8220;outside&#8220; arrows_color=&#8220;black&#8220; paging_design=&#8220;none&#8220; loop=&#8220;yes&#8220; autoplay=&#8220;10&#8243; item=&#8220;4917&#8243; grid_id=&#8220;vc_gid:1704981346361-b840c69e-df81-0&#8243; include=&#8220;4671,4670,4667,4669,4668&#8243;][\/vc_column][\/vc_row][vc_row full_width=&#8220;stretch_row&#8220;][vc_column][vc_column_text] Lesen Sie hier mehr \u00fcber ausgew\u00e4hlte F\u00e4lle Wir sind stolz auf unsere zahlreichen Einrichtungen, die einen sp\u00fcrbaren Beitrag zum Umweltschutz leisten. Die Einrichtungen decken ein breites Spektrum an Geografien, Gr\u00f6\u00dfen und Branchen &#8230; <a title=\"F\u00e4lle\" class=\"read-more\" href=\"https:\/\/bbk.dk\/de\/faelle\/\" aria-label=\"Mehr Informationen \u00fcber F\u00e4lle\">Weiterlesen &#8230;<\/a><\/p>\n","protected":false},"author":1,"featured_media":0,"parent":0,"menu_order":4,"comment_status":"closed","ping_status":"closed","template":"","meta":{"_acf_changed":false,"footnotes":""},"categories":[],"class_list":["post-4965","page","type-page","status-publish"],"acf":[],"_links":{"self":[{"href":"https:\/\/bbk.dk\/de\/wp-json\/wp\/v2\/pages\/4965"}],"collection":[{"href":"https:\/\/bbk.dk\/de\/wp-json\/wp\/v2\/pages"}],"about":[{"href":"https:\/\/bbk.dk\/de\/wp-json\/wp\/v2\/types\/page"}],"author":[{"embeddable":true,"href":"https:\/\/bbk.dk\/de\/wp-json\/wp\/v2\/users\/1"}],"replies":[{"embeddable":true,"href":"https:\/\/bbk.dk\/de\/wp-json\/wp\/v2\/comments?post=4965"}],"version-history":[{"count":3,"href":"https:\/\/bbk.dk\/de\/wp-json\/wp\/v2\/pages\/4965\/revisions"}],"predecessor-version":[{"id":4974,"href":"https:\/\/bbk.dk\/de\/wp-json\/wp\/v2\/pages\/4965\/revisions\/4974"}],"wp:attachment":[{"href":"https:\/\/bbk.dk\/de\/wp-json\/wp\/v2\/media?parent=4965"}],"wp:term":[{"taxonomy":"category","embeddable":true,"href":"https:\/\/bbk.dk\/de\/wp-json\/wp\/v2\/categories?post=4965"}],"curies":[{"name":"wp","href":"https:\/\/api.w.org\/{rel}","templated":true}]}}