{"id":4964,"date":"2023-11-27T09:16:21","date_gmt":"2023-11-27T08:16:21","guid":{"rendered":"https:\/\/bbk.dk\/ffv\/"},"modified":"2024-02-09T15:12:04","modified_gmt":"2024-02-09T14:12:04","slug":"ffv","status":"publish","type":"page","link":"https:\/\/bbk.dk\/de\/faelle\/ffv\/","title":{"rendered":"FFV"},"content":{"rendered":"<div class=\"wpb-content-wrapper\"><p>[vc_row full_width=&#8220;stretch_row&#8220; el_class=&#8220;light&#8220;][vc_column]<div class=\"ult-spacer spacer-69dfe1009ab83\" data-id=\"69dfe1009ab83\" data-height=\"90\" data-height-mobile=\"60\" data-height-tab=\"90\" data-height-tab-portrait=\"60\" data-height-mobile-landscape=\"60\" style=\"clear:both;display:block;\"><\/div>[vc_row_inner equal_height=&#8220;yes&#8220;][vc_column_inner offset=&#8220;vc_col-lg-6 vc_col-md-6 vc_col-xs-12&#8243;][vc_column_text]<\/p>\n<h2>FFV &#8211; Abwasser<\/h2>\n<p>FFV sammelt die Abw\u00e4sser der Kommune F\u00e5borg und behandelt sie in zentralen Kl\u00e4ranlagen. Im Laufe der Zeit wurden mehrere kleinere Kl\u00e4ranlagen geschlossen, so dass das Abwasser nun \u00fcber lange Rohrleitungen mit Pumpstationen zur Kl\u00e4ranlage gebracht wird. Dies hat zur Bildung von sch\u00e4dlichem Schwefelwasserstoff in den Kabeln gef\u00fchrt. Seit langem wird versucht, das Problem mit verschiedenen chemischen Methoden oder Kohlefiltern zu l\u00f6sen. Das war zwar kostspielig, hatte aber keine gro\u00dfen Auswirkungen.<\/p>\n<p>Ein besonderes Problem sind die gro\u00dfen Schwankungen bei der Schwefelwasserstoffbildung, die so genannten &#8222;Peaks&#8220;, da hohe Konzentrationen Geruchsfilter zerst\u00f6ren und f\u00fcr eine wirksame Reinigung gegl\u00e4ttet werden m\u00fcssen. Dies erfordert eine wirksame Minimierung und Steuerung der biologischen Prozesse in der Anlage.[\/vc_column_text]<div class=\"ult-spacer spacer-69dfe1009abce\" data-id=\"69dfe1009abce\" data-height=\"0\" data-height-mobile=\"30\" data-height-tab=\"0\" data-height-tab-portrait=\"30\" data-height-mobile-landscape=\"30\" style=\"clear:both;display:block;\"><\/div>[\/vc_column_inner][vc_column_inner el_class=&#8220;img-box&#8220; offset=&#8220;vc_col-lg-6 vc_col-md-6 vc_col-xs-12&#8243; css=&#8220;.vc_custom_1701087140163{margin-right: 30px !important;margin-left: 30px !important;background-image: url(https:\/\/bbk.dk\/wp-content\/uploads\/2023\/11\/biorensining-ffv.jpg?id=4646) !important;background-position: center !important;background-repeat: no-repeat !important;background-size: cover !important;}&#8220;]<div class=\"ult-spacer spacer-69dfe1009abf7\" data-id=\"69dfe1009abf7\" data-height=\"0\" data-height-mobile=\"200\" data-height-tab=\"0\" data-height-tab-portrait=\"300\" data-height-mobile-landscape=\"250\" style=\"clear:both;display:block;\"><\/div>[\/vc_column_inner][\/vc_row_inner]<div class=\"ult-spacer spacer-69dfe1009ac1a\" data-id=\"69dfe1009ac1a\" data-height=\"90\" data-height-mobile=\"60\" data-height-tab=\"90\" data-height-tab-portrait=\"60\" data-height-mobile-landscape=\"60\" style=\"clear:both;display:block;\"><\/div>[\/vc_column][\/vc_row][vc_row full_width=&#8220;stretch_row&#8220;][vc_column]<div class=\"ult-spacer spacer-69dfe1009ac3a\" data-id=\"69dfe1009ac3a\" data-height=\"90\" data-height-mobile=\"60\" data-height-tab=\"90\" data-height-tab-portrait=\"60\" data-height-mobile-landscape=\"60\" style=\"clear:both;display:block;\"><\/div>[vc_row_inner][vc_column_inner width=&#8220;1\/2&#8243; offset=&#8220;vc_col-lg-1\/5 vc_col-md-6 vc_col-xs-12&#8243;]<div class=\"aio-icon-component    style_1\"><div id=\"Info-box-wrap-4671\" class=\"aio-icon-box top-icon\" style=\"\"  ><div class=\"aio-icon-top\"><div class=\"ult-just-icon-wrapper  \"><div class=\"align-icon\" style=\"text-align:center;\">\n<div class=\"aio-icon-img \" style=\"font-size:48px;display:inline-block;\" >\n\t<img decoding=\"async\" class=\"img-icon\" alt=\"null\" src=\"https:\/\/bbk.dk\/wp-content\/uploads\/2023\/11\/star.svg\"\/>\n<\/div><\/div><\/div><\/div><div class=\"aio-icon-header\" ><h3 class=\"aio-icon-title ult-responsive\"  data-ultimate-target='#Info-box-wrap-4671 .aio-icon-title'  data-responsive-json-new='{\"font-size\":\"desktop:20px;\",\"line-height\":\"\"}'  style=\"color:#000000;\">Kapazit\u00e4t<\/h3><\/div> <!-- header --><div class=\"aio-icon-description ult-responsive\"  data-ultimate-target='#Info-box-wrap-4671 .aio-icon-description'  data-responsive-json-new='{\"font-size\":\"desktop:14px;\",\"line-height\":\"\"}'  style=\"color:#666666;\">2.000-14.000 m<sup>3<\/sup> Abwasser\/Tag<\/div> <!-- description --><\/div> <!-- aio-icon-box --><\/div> <!-- aio-icon-component --><div class=\"ult-spacer spacer-69dfe1009b001\" data-id=\"69dfe1009b001\" data-height=\"0\" data-height-mobile=\"0\" data-height-tab=\"30\" data-height-tab-portrait=\"30\" data-height-mobile-landscape=\"0\" style=\"clear:both;display:block;\"><\/div>[\/vc_column_inner][vc_column_inner width=&#8220;1\/2&#8243; offset=&#8220;vc_col-lg-1\/5 vc_col-md-6 vc_col-xs-12&#8243;]<div class=\"aio-icon-component    style_1\"><div id=\"Info-box-wrap-2160\" class=\"aio-icon-box top-icon\" style=\"\"  ><div class=\"aio-icon-top\"><div class=\"ult-just-icon-wrapper  \"><div class=\"align-icon\" style=\"text-align:center;\">\n<div class=\"aio-icon-img \" style=\"font-size:48px;display:inline-block;\" >\n\t<img decoding=\"async\" class=\"img-icon\" alt=\"null\" src=\"https:\/\/bbk.dk\/wp-content\/uploads\/2023\/11\/factory.svg\"\/>\n<\/div><\/div><\/div><\/div><div class=\"aio-icon-header\" ><h3 class=\"aio-icon-title ult-responsive\"  data-ultimate-target='#Info-box-wrap-2160 .aio-icon-title'  data-responsive-json-new='{\"font-size\":\"desktop:20px;\",\"line-height\":\"\"}'  style=\"color:#000000;\">Produktion<\/h3><\/div> <!-- header --><div class=\"aio-icon-description ult-responsive\"  data-ultimate-target='#Info-box-wrap-2160 .aio-icon-description'  data-responsive-json-new='{\"font-size\":\"desktop:14px;\",\"line-height\":\"\"}'  style=\"color:#666666;\">8,5 Millionen m<sup>3<\/sup> Biogas\/Jahr<\/div> <!-- description --><\/div> <!-- aio-icon-box --><\/div> <!-- aio-icon-component --><div class=\"ult-spacer spacer-69dfe1009b2d9\" data-id=\"69dfe1009b2d9\" data-height=\"0\" data-height-mobile=\"0\" data-height-tab=\"30\" data-height-tab-portrait=\"30\" data-height-mobile-landscape=\"0\" style=\"clear:both;display:block;\"><\/div>[\/vc_column_inner][vc_column_inner width=&#8220;1\/2&#8243; offset=&#8220;vc_col-lg-1\/5 vc_col-md-6 vc_col-xs-12&#8243;]<div class=\"aio-icon-component    style_1\"><div id=\"Info-box-wrap-7559\" class=\"aio-icon-box top-icon\" style=\"\"  ><div class=\"aio-icon-top\"><div class=\"ult-just-icon-wrapper  \"><div class=\"align-icon\" style=\"text-align:center;\">\n<div class=\"aio-icon-img \" style=\"font-size:48px;display:inline-block;\" >\n\t<img decoding=\"async\" class=\"img-icon\" alt=\"null\" src=\"https:\/\/bbk.dk\/wp-content\/uploads\/2023\/11\/star.svg\"\/>\n<\/div><\/div><\/div><\/div><div class=\"aio-icon-header\" ><h3 class=\"aio-icon-title ult-responsive\"  data-ultimate-target='#Info-box-wrap-7559 .aio-icon-title'  data-responsive-json-new='{\"font-size\":\"desktop:20px;\",\"line-height\":\"\"}'  style=\"color:#000000;\">Filterkapazit\u00e4t<\/h3><\/div> <!-- header --><div class=\"aio-icon-description ult-responsive\"  data-ultimate-target='#Info-box-wrap-7559 .aio-icon-description'  data-responsive-json-new='{\"font-size\":\"desktop:14px;\",\"line-height\":\"\"}'  style=\"color:#666666;\">500 m<sup>3<\/sup> Luft\/Stunde<\/div> <!-- description --><\/div> <!-- aio-icon-box --><\/div> <!-- aio-icon-component --><div class=\"ult-spacer spacer-69dfe1009b3e1\" data-id=\"69dfe1009b3e1\" data-height=\"0\" data-height-mobile=\"0\" data-height-tab=\"30\" data-height-tab-portrait=\"30\" data-height-mobile-landscape=\"0\" style=\"clear:both;display:block;\"><\/div>[\/vc_column_inner][vc_column_inner width=&#8220;1\/2&#8243; offset=&#8220;vc_col-lg-1\/5 vc_col-md-6 vc_col-xs-12&#8243;]<div class=\"aio-icon-component    style_1\"><div id=\"Info-box-wrap-7218\" class=\"aio-icon-box top-icon\" style=\"\"  ><div class=\"aio-icon-top\"><div class=\"ult-just-icon-wrapper  \"><div class=\"align-icon\" style=\"text-align:center;\">\n<div class=\"aio-icon-img \" style=\"font-size:48px;display:inline-block;\" >\n\t<img decoding=\"async\" class=\"img-icon\" alt=\"null\" src=\"https:\/\/bbk.dk\/wp-content\/uploads\/2023\/11\/3d-cube.svg\"\/>\n<\/div><\/div><\/div><\/div><div class=\"aio-icon-header\" ><h3 class=\"aio-icon-title ult-responsive\"  data-ultimate-target='#Info-box-wrap-7218 .aio-icon-title'  data-responsive-json-new='{\"font-size\":\"desktop:20px;\",\"line-height\":\"\"}'  style=\"color:#000000;\">Abmessungen<\/h3><\/div> <!-- header --><div class=\"aio-icon-description ult-responsive\"  data-ultimate-target='#Info-box-wrap-7218 .aio-icon-description'  data-responsive-json-new='{\"font-size\":\"desktop:14px;\",\"line-height\":\"\"}'  style=\"color:#666666;\">Vorfilter 5 Quadratmeter.<br \/>\nBiofilter 5 Quadratmeter.<\/div> <!-- description --><\/div> <!-- aio-icon-box --><\/div> <!-- aio-icon-component -->[\/vc_column_inner][vc_column_inner offset=&#8220;vc_col-lg-1\/5 vc_col-md-12 vc_col-xs-12&#8243;]<div class=\"aio-icon-component    style_1\"><div id=\"Info-box-wrap-7532\" class=\"aio-icon-box top-icon\" style=\"\"  ><div class=\"aio-icon-top\"><div class=\"ult-just-icon-wrapper  \"><div class=\"align-icon\" style=\"text-align:center;\">\n<div class=\"aio-icon-img \" style=\"font-size:48px;display:inline-block;\" >\n\t<img decoding=\"async\" class=\"img-icon\" alt=\"null\" src=\"https:\/\/bbk.dk\/wp-content\/uploads\/2023\/11\/hourglass.svg\"\/>\n<\/div><\/div><\/div><\/div><div class=\"aio-icon-header\" ><h3 class=\"aio-icon-title ult-responsive\"  data-ultimate-target='#Info-box-wrap-7532 .aio-icon-title'  data-responsive-json-new='{\"font-size\":\"desktop:20px;\",\"line-height\":\"\"}'  style=\"color:#000000;\">Lebenserwartung<\/h3><\/div> <!-- header --><div class=\"aio-icon-description ult-responsive\"  data-ultimate-target='#Info-box-wrap-7532 .aio-icon-description'  data-responsive-json-new='{\"font-size\":\"desktop:14px;\",\"line-height\":\"\"}'  style=\"color:#666666;\">Erwartete &gt; 10 Jahre<\/div> <!-- description --><\/div> <!-- aio-icon-box --><\/div> <!-- aio-icon-component -->[\/vc_column_inner][\/vc_row_inner]<div class=\"ult-spacer spacer-69dfe1009b922\" data-id=\"69dfe1009b922\" data-height=\"90\" data-height-mobile=\"60\" data-height-tab=\"90\" data-height-tab-portrait=\"60\" data-height-mobile-landscape=\"60\" style=\"clear:both;display:block;\"><\/div>[\/vc_column][\/vc_row][vc_row full_width=&#8220;stretch_row&#8220; el_class=&#8220;overlay parallax white cta&#8220; css=&#8220;.vc_custom_1701087246155{background-image: url(https:\/\/bbk.dk\/wp-content\/uploads\/2023\/11\/innovation-ved-lugtreduktion-scaled-1-scaled.jpg?id=4758) !important;background-position: center !important;background-repeat: no-repeat !important;background-size: cover !important;}&#8220;][vc_column]<div class=\"ult-spacer spacer-69dfe1009b947\" data-id=\"69dfe1009b947\" data-height=\"120\" data-height-mobile=\"90\" data-height-tab=\"120\" data-height-tab-portrait=\"90\" data-height-mobile-landscape=\"90\" style=\"clear:both;display:block;\"><\/div>[vc_column_text]<\/p>\n<p style=\"text-align: center;\"><strong>&#8222;Lange Zeit hatten wir mit Schwefelwasserstoffemissionen aus einer Pumpstation zu k\u00e4mpfen. Vor allem im Sommer beschwerten sich unzufriedene Nachbarn \u00fcber \u00fcble Ger\u00fcche. Wir haben verschiedene M\u00f6glichkeiten ausprobiert, um das Problem zu l\u00f6sen, aber erst mit Hilfe der Messungen und der Ausr\u00fcstung von BBK fanden wir eine L\u00f6sung. Sie installierten einen Vorfilter und einen Biofilter, der den Gro\u00dfteil der Ger\u00fcche beseitigt hat. Sobald sich das System vollst\u00e4ndig eingespielt hat, werden wir es wahrscheinlich an anderer Stelle einsetzen. BBK war sehr reaktionsschnell und flexibel bei der L\u00f6sung unserer Probleme.<\/strong><\/p>\n<p style=\"text-align: center;\">Arne Hansen, Betriebsleiter, FFV F\u00e5borg Wastewater<\/p>\n<p>[\/vc_column_text]<div class=\"ult-spacer spacer-69dfe1009b966\" data-id=\"69dfe1009b966\" data-height=\"120\" data-height-mobile=\"90\" data-height-tab=\"120\" data-height-tab-portrait=\"90\" data-height-mobile-landscape=\"90\" style=\"clear:both;display:block;\"><\/div>[\/vc_column][\/vc_row][vc_row full_width=&#8220;stretch_row&#8220; el_class=&#8220;gradient-down underside&#8220;][vc_column]<div class=\"ult-spacer spacer-69dfe1009b984\" data-id=\"69dfe1009b984\" data-height=\"90\" data-height-mobile=\"60\" data-height-tab=\"90\" data-height-tab-portrait=\"60\" data-height-mobile-landscape=\"60\" style=\"clear:both;display:block;\"><\/div>[vc_row_inner equal_height=&#8220;yes&#8220; content_placement=&#8220;bottom&#8220;][vc_column_inner offset=&#8220;vc_col-lg-5 vc_col-md-5 vc_col-xs-12&#8243;][vc_column_text el_class=&#8220;text-box-left&#8220;]<\/p>\n<h4>Innovative Biofilter<\/h4>\n<p>Die Biofilter im Pumpwerk F\u00e5borg wurden im Jahr 2020 installiert und sind ein neues Modell von BBK mit modularen Biofiltern f\u00fcr dezentrale Systeme. Es war der Vorl\u00e4ufer eines gr\u00f6\u00dferen MUDP-Projekts, das darauf abzielt, die Umweltauswirkungen und Kosten der Schwefelwasserstoffbildung in Abwasserrohren zu minimieren. Die Rolle des BBK in diesem Projekt besteht darin, Biofilter zu verkleinern, die im Zusammenspiel mit der cloudbasierten Steuerung der biologischen Prozesse effizient in kleineren Systemen eingesetzt werden k\u00f6nnen.<\/p>\n<p><a href=\"https:\/\/bbk.dk\/innovation\/\"><span style=\"text-decoration: underline;\">Mehr lesen<\/span><\/a>[\/vc_column_text]<div class=\"ult-spacer spacer-69dfe1009b9a1\" data-id=\"69dfe1009b9a1\" data-height=\"0\" data-height-mobile=\"30\" data-height-tab=\"0\" data-height-tab-portrait=\"30\" data-height-mobile-landscape=\"30\" style=\"clear:both;display:block;\"><\/div>[\/vc_column_inner][vc_column_inner el_class=&#8220;img-box&#8220; offset=&#8220;vc_col-lg-7 vc_col-md-7 vc_col-xs-12&#8243; css=&#8220;.vc_custom_1701087319735{margin-right: 30px !important;margin-left: 30px !important;background-image: url(https:\/\/bbk.dk\/wp-content\/uploads\/2023\/11\/biorensining-ffv.jpg?id=4646) !important;background-position: center !important;background-repeat: no-repeat !important;background-size: cover !important;}&#8220;]<div class=\"ult-spacer spacer-69dfe1009b9bf\" data-id=\"69dfe1009b9bf\" data-height=\"400\" data-height-mobile=\"200\" data-height-tab=\"400\" data-height-tab-portrait=\"300\" data-height-mobile-landscape=\"250\" style=\"clear:both;display:block;\"><\/div>[\/vc_column_inner][\/vc_row_inner]<div class=\"ult-spacer spacer-69dfe1009b9da\" data-id=\"69dfe1009b9da\" data-height=\"90\" data-height-mobile=\"60\" data-height-tab=\"90\" data-height-tab-portrait=\"60\" data-height-mobile-landscape=\"60\" style=\"clear:both;display:block;\"><\/div>[\/vc_column][\/vc_row]<\/p>\n<\/div>","protected":false},"excerpt":{"rendered":"<p>Abwasserpumpstationen<\/p>\n","protected":false},"author":1,"featured_media":4945,"parent":4965,"menu_order":8,"comment_status":"closed","ping_status":"closed","template":"","meta":{"_acf_changed":false,"footnotes":""},"categories":[49],"class_list":{"0":"post-4964","1":"page","2":"type-page","3":"status-publish","4":"has-post-thumbnail","6":"category-dienstleistungen"},"acf":[],"_links":{"self":[{"href":"https:\/\/bbk.dk\/de\/wp-json\/wp\/v2\/pages\/4964"}],"collection":[{"href":"https:\/\/bbk.dk\/de\/wp-json\/wp\/v2\/pages"}],"about":[{"href":"https:\/\/bbk.dk\/de\/wp-json\/wp\/v2\/types\/page"}],"author":[{"embeddable":true,"href":"https:\/\/bbk.dk\/de\/wp-json\/wp\/v2\/users\/1"}],"replies":[{"embeddable":true,"href":"https:\/\/bbk.dk\/de\/wp-json\/wp\/v2\/comments?post=4964"}],"version-history":[{"count":12,"href":"https:\/\/bbk.dk\/de\/wp-json\/wp\/v2\/pages\/4964\/revisions"}],"predecessor-version":[{"id":5141,"href":"https:\/\/bbk.dk\/de\/wp-json\/wp\/v2\/pages\/4964\/revisions\/5141"}],"up":[{"embeddable":true,"href":"https:\/\/bbk.dk\/de\/wp-json\/wp\/v2\/pages\/4965"}],"wp:featuredmedia":[{"embeddable":true,"href":"https:\/\/bbk.dk\/de\/wp-json\/wp\/v2\/media\/4945"}],"wp:attachment":[{"href":"https:\/\/bbk.dk\/de\/wp-json\/wp\/v2\/media?parent=4964"}],"wp:term":[{"taxonomy":"category","embeddable":true,"href":"https:\/\/bbk.dk\/de\/wp-json\/wp\/v2\/categories?post=4964"}],"curies":[{"name":"wp","href":"https:\/\/api.w.org\/{rel}","templated":true}]}}