{"id":4937,"date":"2020-02-12T08:51:30","date_gmt":"2020-02-12T07:51:30","guid":{"rendered":"https:\/\/bbk.dk\/hauptseite\/"},"modified":"2024-02-12T13:00:10","modified_gmt":"2024-02-12T12:00:10","slug":"hauptseite","status":"publish","type":"page","link":"https:\/\/bbk.dk\/de\/","title":{"rendered":"Hauptseite"},"content":{"rendered":"<div class=\"wpb-content-wrapper\"><p>[vc_row full_width=&#8220;stretch_row&#8220; el_class=&#8220;gradient-down forside&#8220;][vc_column]<div class=\"ult-spacer spacer-69e5859e61c22\" data-id=\"69e5859e61c22\" data-height=\"90\" data-height-mobile=\"60\" data-height-tab=\"90\" data-height-tab-portrait=\"60\" data-height-mobile-landscape=\"60\" style=\"clear:both;display:block;\"><\/div>[vc_row_inner][vc_column_inner offset=&#8220;vc_col-lg-2 vc_col-md-2 vc_col-xs-12&#8243;][\/vc_column_inner][vc_column_inner offset=&#8220;vc_col-lg-8 vc_col-md-8 vc_col-xs-12&#8243;][vc_column_text]<\/p>\n<h1 style=\"text-align: center;\">Nat\u00fcrliche Kl\u00e4rsysteme<\/h1>\n<p style=\"text-align: center;\">Unsere Sinne reagieren auf die Umwelt. Unangenehme Ger\u00fcche stellen ein Gesundheitsrisiko dar. Gef\u00e4hrliche Stoffe m\u00fcssen aus unseren Abf\u00e4llen und Abw\u00e4ssern gereinigt werden, aber das Verfahren ist mit der biologischen Behandlung am umweltfreundlichsten und effizientesten. Dies gilt auch f\u00fcr Geruchsstoffe, wie z. B. Schwefelwasserstoff H<sub>2<\/sub>S, der f\u00fcr den Menschen extrem gef\u00e4hrlich und f\u00fcr die Umwelt und technische Anlagen sch\u00e4dlich ist.<\/p>\n<p>[\/vc_column_text][\/vc_column_inner][vc_column_inner offset=&#8220;vc_col-lg-2 vc_col-md-2 vc_col-xs-12&#8243;][\/vc_column_inner][\/vc_row_inner][vc_empty_space height=&#8220;60px&#8220;][vc_row_inner equal_height=&#8220;yes&#8220; css=&#8220;.vc_custom_1701073782568{padding-right: 15px !important;padding-left: 15px !important;}&#8220;][vc_column_inner el_class=&#8220;box&#8220; width=&#8220;1\/2&#8243; css=&#8220;.vc_custom_1701073692229{margin-right: 15px !important;margin-left: 15px !important;}&#8220;]<div class=\"ult-just-icon-wrapper  \"><div class=\"align-icon\" style=\"text-align:center;\">\n<a class=\"aio-tooltip 69e5859e61cb7\" href=\"\/innovation\/\" title=\"Innovation\"  data-toggle=\"tooltip\" data-placement=\"\"><div class=\"aio-icon-img \" style=\"font-size:70px;display:inline-block;\" >\n\t<img decoding=\"async\" class=\"img-icon\" alt=\"null\" src=\"https:\/\/bbk.dk\/wp-content\/uploads\/2023\/11\/odor.svg\"\/>\n<\/div><\/a><\/div><\/div>[vc_empty_space height=&#8220;20px&#8220;][vc_column_text]<\/p>\n<h4 style=\"text-align: center;\">Innovation bei der Geruchsbek\u00e4mpfung<\/h4>\n<p style=\"text-align: center;\">Universit\u00e4t Aarhus, Tech. Institut, Sweco, Consibio und andere.<\/p>\n<p>[\/vc_column_text][\/vc_column_inner][vc_column_inner el_class=&#8220;box&#8220; width=&#8220;1\/2&#8243; css=&#8220;.vc_custom_1701073698775{margin-right: 15px !important;margin-left: 15px !important;}&#8220;]<div class=\"ult-just-icon-wrapper  \"><div class=\"align-icon\" style=\"text-align:center;\">\n<a class=\"aio-tooltip 69e5859e61f90\" href=\"\/raadgivning\/\" title=\"R\u00e5dgivning\"  data-toggle=\"tooltip\" data-placement=\"\"><div class=\"aio-icon-img \" style=\"font-size:70px;display:inline-block;\" >\n\t<img decoding=\"async\" class=\"img-icon\" alt=\"null\" src=\"https:\/\/bbk.dk\/wp-content\/uploads\/2023\/11\/industrial.svg\"\/>\n<\/div><\/a><\/div><\/div>[vc_empty_space height=&#8220;20px&#8220;][vc_column_text]<\/p>\n<h4 style=\"text-align: center;\">Beratung bei der Einrichtung von geruchsfreien Systemen<\/h4>\n<p style=\"text-align: center;\">Beratende Ingenieure, Bauunternehmer, Entwickler und mehr.<\/p>\n<p>[\/vc_column_text][\/vc_column_inner][\/vc_row_inner]<div class=\"ult-spacer spacer-69e5859e621d9\" data-id=\"69e5859e621d9\" data-height=\"90\" data-height-mobile=\"60\" data-height-tab=\"90\" data-height-tab-portrait=\"60\" data-height-mobile-landscape=\"60\" style=\"clear:both;display:block;\"><\/div>[\/vc_column][\/vc_row][vc_row full_width=&#8220;stretch_row&#8220; css=&#8220;.vc_custom_1701078656661{background-image: url(https:\/\/bbk.dk\/wp-content\/uploads\/2023\/11\/ingen-lugtgener.jpg?id=4653) !important;background-position: center !important;background-repeat: no-repeat !important;background-size: cover !important;}&#8220; el_class=&#8220;parallax overlay cta white&#8220;][vc_column]<div class=\"ult-spacer spacer-69e5859e62204\" data-id=\"69e5859e62204\" data-height=\"120\" data-height-mobile=\"90\" data-height-tab=\"120\" data-height-tab-portrait=\"90\" data-height-mobile-landscape=\"90\" style=\"clear:both;display:block;\"><\/div>[vc_column_text]<\/p>\n<h3 style=\"text-align: center;\">BBK bio airclean wandelt Ger\u00fcche in H<sub>2<\/sub>O und CO<sub>2<\/sub> um<\/h3>\n<p>[\/vc_column_text]<div class=\"ult-spacer spacer-69e5859e62228\" data-id=\"69e5859e62228\" data-height=\"120\" data-height-mobile=\"90\" data-height-tab=\"120\" data-height-tab-portrait=\"90\" data-height-mobile-landscape=\"90\" style=\"clear:both;display:block;\"><\/div>[\/vc_column][\/vc_row][vc_row full_width=&#8220;stretch_row&#8220;][vc_column]<div class=\"ult-spacer spacer-69e5859e6224c\" data-id=\"69e5859e6224c\" data-height=\"90\" data-height-mobile=\"60\" data-height-tab=\"90\" data-height-tab-portrait=\"60\" data-height-mobile-landscape=\"60\" style=\"clear:both;display:block;\"><\/div>[vc_basic_grid post_type=&#8220;page&#8220; max_items=&#8220;-1&#8243; gap=&#8220;20&#8243; order=&#8220;ASC&#8220; item=&#8220;4755&#8243; grid_id=&#8220;vc_gid:1707739203043-3b65ac90-521e-2&#8243; taxonomies=&#8220;25&#8243;]<div class=\"ult-spacer spacer-69e5859e6226c\" data-id=\"69e5859e6226c\" data-height=\"90\" data-height-mobile=\"60\" data-height-tab=\"90\" data-height-tab-portrait=\"60\" data-height-mobile-landscape=\"60\" style=\"clear:both;display:block;\"><\/div>[\/vc_column][\/vc_row]<\/p>\n<\/div>","protected":false},"excerpt":{"rendered":"<p>[vc_row full_width=&#8220;stretch_row&#8220; el_class=&#8220;gradient-down forside&#8220;][vc_column][vc_row_inner][vc_column_inner offset=&#8220;vc_col-lg-2 vc_col-md-2 vc_col-xs-12&#8243;][\/vc_column_inner][vc_column_inner offset=&#8220;vc_col-lg-8 vc_col-md-8 vc_col-xs-12&#8243;][vc_column_text] Nat\u00fcrliche Kl\u00e4rsysteme Unsere Sinne reagieren auf die Umwelt. Unangenehme Ger\u00fcche stellen ein Gesundheitsrisiko dar. Gef\u00e4hrliche Stoffe m\u00fcssen aus unseren Abf\u00e4llen und Abw\u00e4ssern gereinigt werden, aber das Verfahren ist mit der biologischen Behandlung am umweltfreundlichsten und effizientesten. Dies gilt auch f\u00fcr Geruchsstoffe, wie z. B. Schwefelwasserstoff &#8230; <a title=\"Hauptseite\" class=\"read-more\" href=\"https:\/\/bbk.dk\/de\/\" aria-label=\"Mehr Informationen \u00fcber Hauptseite\">Weiterlesen &#8230;<\/a><\/p>\n","protected":false},"author":1,"featured_media":0,"parent":0,"menu_order":0,"comment_status":"closed","ping_status":"closed","template":"","meta":{"_acf_changed":false,"footnotes":""},"categories":[],"class_list":["post-4937","page","type-page","status-publish"],"acf":[],"_links":{"self":[{"href":"https:\/\/bbk.dk\/de\/wp-json\/wp\/v2\/pages\/4937"}],"collection":[{"href":"https:\/\/bbk.dk\/de\/wp-json\/wp\/v2\/pages"}],"about":[{"href":"https:\/\/bbk.dk\/de\/wp-json\/wp\/v2\/types\/page"}],"author":[{"embeddable":true,"href":"https:\/\/bbk.dk\/de\/wp-json\/wp\/v2\/users\/1"}],"replies":[{"embeddable":true,"href":"https:\/\/bbk.dk\/de\/wp-json\/wp\/v2\/comments?post=4937"}],"version-history":[{"count":5,"href":"https:\/\/bbk.dk\/de\/wp-json\/wp\/v2\/pages\/4937\/revisions"}],"predecessor-version":[{"id":5146,"href":"https:\/\/bbk.dk\/de\/wp-json\/wp\/v2\/pages\/4937\/revisions\/5146"}],"wp:attachment":[{"href":"https:\/\/bbk.dk\/de\/wp-json\/wp\/v2\/media?parent=4937"}],"wp:term":[{"taxonomy":"category","embeddable":true,"href":"https:\/\/bbk.dk\/de\/wp-json\/wp\/v2\/categories?post=4937"}],"curies":[{"name":"wp","href":"https:\/\/api.w.org\/{rel}","templated":true}]}}