{"id":4936,"date":"2023-11-27T09:16:20","date_gmt":"2023-11-27T08:16:20","guid":{"rendered":"https:\/\/bbk.dk\/ueber\/"},"modified":"2024-12-20T09:17:03","modified_gmt":"2024-12-20T08:17:03","slug":"ueber","status":"publish","type":"page","link":"https:\/\/bbk.dk\/de\/ueber\/","title":{"rendered":"\u00dcber"},"content":{"rendered":"<div class=\"wpb-content-wrapper\"><p>[vc_row full_width=&#8220;stretch_row&#8220; el_class=&#8220;light&#8220;][vc_column]<div class=\"ult-spacer spacer-6a01d48cd5f2c\" data-id=\"6a01d48cd5f2c\" data-height=\"90\" data-height-mobile=\"60\" data-height-tab=\"90\" data-height-tab-portrait=\"60\" data-height-mobile-landscape=\"60\" style=\"clear:both;display:block;\"><\/div>[vc_row_inner equal_height=&#8220;yes&#8220;][vc_column_inner offset=&#8220;vc_col-lg-6 vc_col-md-6 vc_col-xs-12&#8243;][vc_column_text]<\/p>\n<h6>Biofilter<\/h6>\n<h2>BBK-Biofilter wandelt Ger\u00fcche in H<sub>2<\/sub>O und CO<sub>2<\/sub> um<\/h2>\n<p>Von Anfang an, im Jahr 1992, war BBK ein auf Biofilter spezialisiertes Unternehmen. Das Ziel war es, konventionelle Biofilter weiterzuentwickeln und eine f\u00fchrende Position in der Branche einzunehmen.<\/p>\n<p>In enger Zusammenarbeit mit dem Biotechnologischen Institut und anderen Wissenseinrichtungen haben wir die besten Mikroorganismen und Filtermaterialien f\u00fcr effiziente, dauerhafte und reproduzierbare Filtersysteme ausgew\u00e4hlt und weiterentwickelt.[\/vc_column_text]<div class=\"ult-spacer spacer-6a01d48cd5f75\" data-id=\"6a01d48cd5f75\" data-height=\"0\" data-height-mobile=\"30\" data-height-tab=\"0\" data-height-tab-portrait=\"30\" data-height-mobile-landscape=\"30\" style=\"clear:both;display:block;\"><\/div>[\/vc_column_inner][vc_column_inner el_class=&#8220;img-box&#8220; offset=&#8220;vc_col-lg-6 vc_col-md-6 vc_col-xs-12&#8243; css=&#8220;.vc_custom_1701085063523{margin-right: 30px !important;margin-left: 30px !important;background-image: url(https:\/\/bbk.dk\/wp-content\/uploads\/2023\/11\/luftrensning-biofilter.jpg?id=4719) !important;background-position: center !important;background-repeat: no-repeat !important;background-size: cover !important;}&#8220;]<div class=\"ult-spacer spacer-6a01d48cd5f9b\" data-id=\"6a01d48cd5f9b\" data-height=\"0\" data-height-mobile=\"200\" data-height-tab=\"0\" data-height-tab-portrait=\"300\" data-height-mobile-landscape=\"250\" style=\"clear:both;display:block;\"><\/div>[\/vc_column_inner][\/vc_row_inner]<div class=\"ult-spacer spacer-6a01d48cd5fbc\" data-id=\"6a01d48cd5fbc\" data-height=\"90\" data-height-mobile=\"60\" data-height-tab=\"90\" data-height-tab-portrait=\"60\" data-height-mobile-landscape=\"60\" style=\"clear:both;display:block;\"><\/div>[\/vc_column][\/vc_row][vc_row full_width=&#8220;stretch_row&#8220; el_class=&#8220;overlay parallax white cta&#8220; css=&#8220;.vc_custom_1701080637758{background-image: url(https:\/\/bbk.dk\/wp-content\/uploads\/2023\/11\/ingen-lugtgener.jpg?id=4653) !important;background-position: center !important;background-repeat: no-repeat !important;background-size: cover !important;}&#8220;][vc_column]<div class=\"ult-spacer spacer-6a01d48cd5fdb\" data-id=\"6a01d48cd5fdb\" data-height=\"120\" data-height-mobile=\"90\" data-height-tab=\"120\" data-height-tab-portrait=\"90\" data-height-mobile-landscape=\"90\" style=\"clear:both;display:block;\"><\/div>[vc_column_text]<\/p>\n<h3 style=\"text-align: center;\">Erstklassige Biofilter beseitigen alle Ger\u00fcche<\/h3>\n<p style=\"text-align: center;\"><strong>Wir veredeln die feinsten Mikroorganismen und Filtermaterialien f\u00fcr eine optimale Reinigung in vielen Branchen<\/strong><\/p>\n<p>[\/vc_column_text]<div class=\"ult-spacer spacer-6a01d48cd5ff9\" data-id=\"6a01d48cd5ff9\" data-height=\"120\" data-height-mobile=\"90\" data-height-tab=\"120\" data-height-tab-portrait=\"90\" data-height-mobile-landscape=\"90\" style=\"clear:both;display:block;\"><\/div>[\/vc_column][\/vc_row][vc_row full_width=&#8220;stretch_row&#8220; el_class=&#8220;gradient-down underside&#8220;][vc_column]<div class=\"ult-spacer spacer-6a01d48cd6016\" data-id=\"6a01d48cd6016\" data-height=\"90\" data-height-mobile=\"60\" data-height-tab=\"90\" data-height-tab-portrait=\"60\" data-height-mobile-landscape=\"60\" style=\"clear:both;display:block;\"><\/div>[vc_row_inner equal_height=&#8220;yes&#8220; content_placement=&#8220;bottom&#8220;][vc_column_inner offset=&#8220;vc_col-lg-5 vc_col-md-5 vc_col-xs-12&#8243;][vc_column_text el_class=&#8220;text-box-left split-list&#8220;]<\/p>\n<h4>Flexibilit\u00e4t, Zuverl\u00e4ssigkeit, Effizienz und Kosteneffizienz<\/h4>\n<p><strong>Wir erf\u00fcllen die strengen Anforderungen, die wir an uns selbst stellen:<\/strong><\/p>\n<ul>\n<li>Hohe Reinigungsleistung<\/li>\n<li>Lange Lebensdauer<\/li>\n<li>Gleichm\u00e4\u00dfige und por\u00f6se Filtermedien<\/li>\n<li>Optimales mikrobiologisches Wachstum<\/li>\n<li>Tolerant gegen\u00fcber Schwankungen der Temperatur und des pH-Werts<\/li>\n<li>M\u00f6glichkeit der pH-Einstellung<\/li>\n<li>Kann k\u00fcrzere oder l\u00e4ngere Stillstandszeiten bew\u00e4ltigen<\/li>\n<li>M\u00f6glichkeit zur Kontrolle und Regulierung des Wassergehalts im Filtermedium<\/li>\n<\/ul>\n<p>Bei der Beratung von Kunden und Partnern sowie bei der Entwicklung neuer Produkte flie\u00dfen die Anforderungen in die spezifische Bewertung ein.<\/p>\n<p><a href=\"https:\/\/bbk.dk\/de\/technologie\/\"><span style=\"text-decoration: underline;\">\u00dcber die Technologie<\/span><\/a>[\/vc_column_text]<div class=\"ult-spacer spacer-6a01d48cd6032\" data-id=\"6a01d48cd6032\" data-height=\"0\" data-height-mobile=\"30\" data-height-tab=\"0\" data-height-tab-portrait=\"30\" data-height-mobile-landscape=\"30\" style=\"clear:both;display:block;\"><\/div>[\/vc_column_inner][vc_column_inner el_class=&#8220;img-box&#8220; offset=&#8220;vc_col-lg-7 vc_col-md-7 vc_col-xs-12&#8243; css=&#8220;.vc_custom_1701085154097{margin-right: 30px !important;margin-left: 30px !important;background-image: url(https:\/\/bbk.dk\/wp-content\/uploads\/2023\/11\/vegger-biogas-anlaeg.jpg?id=4650) !important;background-position: center !important;background-repeat: no-repeat !important;background-size: cover !important;}&#8220;]<div class=\"ult-spacer spacer-6a01d48cd604f\" data-id=\"6a01d48cd604f\" data-height=\"500\" data-height-mobile=\"200\" data-height-tab=\"500\" data-height-tab-portrait=\"300\" data-height-mobile-landscape=\"250\" style=\"clear:both;display:block;\"><\/div>[\/vc_column_inner][\/vc_row_inner]<div class=\"ult-spacer spacer-6a01d48cd607e\" data-id=\"6a01d48cd607e\" data-height=\"60\" data-height-mobile=\"30\" data-height-tab=\"60\" data-height-tab-portrait=\"30\" data-height-mobile-landscape=\"30\" style=\"clear:both;display:block;\"><\/div>[vc_row_inner equal_height=&#8220;yes&#8220; content_placement=&#8220;bottom&#8220; el_class=&#8220;reverse&#8220;][vc_column_inner el_class=&#8220;img-box&#8220; offset=&#8220;vc_col-lg-7 vc_col-md-7 vc_col-xs-12&#8243; css=&#8220;.vc_custom_1734682620554{margin-right: 30px !important;margin-left: 30px !important;background-image: url(https:\/\/bbk.dk\/wp-content\/uploads\/2024\/12\/img-4082-scaled-e1734682503240.jpg?id=5262) !important;background-position: center !important;background-repeat: no-repeat !important;background-size: cover !important;}&#8220;]<div class=\"ult-spacer spacer-6a01d48cd60a6\" data-id=\"6a01d48cd60a6\" data-height=\"500\" data-height-mobile=\"200\" data-height-tab=\"500\" data-height-tab-portrait=\"300\" data-height-mobile-landscape=\"250\" style=\"clear:both;display:block;\"><\/div>[\/vc_column_inner][vc_column_inner offset=&#8220;vc_col-lg-5 vc_col-md-5 vc_col-xs-12&#8243;][vc_column_text el_class=&#8220;text-box-right split-list&#8220;]<\/p>\n<h4>Die nachhaltigste Technologie auf dem Markt<\/h4>\n<ul>\n<li>Unbedenkliches Filtermaterial &#8211; es kann durch Ausbringen auf dem Feld entsorgt werden<\/li>\n<li>Geringer Wasserverbrauch im Vergleich zu W\u00e4schern und Biotrickling-Filtern<\/li>\n<li>Keine zugesetzten Chemikalien<\/li>\n<li>Das Wasser aus den Filtern ist relativ harmlos und kann als normales Abwasser entsorgt werden.<\/li>\n<li>Wasser aus Vorfiltern bildet eine Ausnahme, da der pH-Wert in der Regel sehr niedrig ist; es kann vor dem Ablassen neutralisiert werden.<\/li>\n<li>Der Leitungswasserverbrauch kann durch Regenwassernutzung erheblich gesenkt werden<\/li>\n<li>Der Filter muss im Gegensatz zu Aktivkohle nicht regeneriert werden.<\/li>\n<li>Geringer Stromverbrauch. Geringer Druckabfall bedeutet geringen Bedarf an Ventilatorleistung<\/li>\n<li>Lange Lebensdauer des Filtersystems reduziert den Ressourcenverbrauch und den CO2-Fu\u00dfabdruck<\/li>\n<\/ul>\n<p><a href=\"https:\/\/bbk.dk\/de\/beratung\/\"><span style=\"text-decoration: underline;\">Mehr lesen<\/span><\/a>[\/vc_column_text]<div class=\"ult-spacer spacer-6a01d48cd60c5\" data-id=\"6a01d48cd60c5\" data-height=\"0\" data-height-mobile=\"30\" data-height-tab=\"0\" data-height-tab-portrait=\"30\" data-height-mobile-landscape=\"30\" style=\"clear:both;display:block;\"><\/div>[\/vc_column_inner][\/vc_row_inner]<div class=\"ult-spacer spacer-6a01d48cd60e3\" data-id=\"6a01d48cd60e3\" data-height=\"60\" data-height-mobile=\"30\" data-height-tab=\"60\" data-height-tab-portrait=\"30\" data-height-mobile-landscape=\"30\" style=\"clear:both;display:block;\"><\/div>[vc_row_inner equal_height=&#8220;yes&#8220; content_placement=&#8220;bottom&#8220;][vc_column_inner offset=&#8220;vc_col-lg-5 vc_col-md-5 vc_col-xs-12&#8243;][vc_column_text el_class=&#8220;text-box-left&#8220;]<\/p>\n<h4>St\u00e4ndige Entwicklung von Bio-Geruchsfiltern<\/h4>\n<p>Wir entwickeln und optimieren die Biofilter st\u00e4ndig weiter und l\u00f6sen heute viele verschiedene Geruchsprobleme f\u00fcr eine Vielzahl von Kunden im In- und Ausland.<\/p>\n<p><a href=\"https:\/\/bbk.dk\/de\/kontakt\/\"><span style=\"text-decoration: underline;\">Kontakt<\/span><\/a>[\/vc_column_text]<div class=\"ult-spacer spacer-6a01d48cd6100\" data-id=\"6a01d48cd6100\" data-height=\"0\" data-height-mobile=\"30\" data-height-tab=\"0\" data-height-tab-portrait=\"30\" data-height-mobile-landscape=\"30\" style=\"clear:both;display:block;\"><\/div>[\/vc_column_inner][vc_column_inner el_class=&#8220;img-box&#8220; offset=&#8220;vc_col-lg-7 vc_col-md-7 vc_col-xs-12&#8243; css=&#8220;.vc_custom_1701085247423{margin-right: 30px !important;margin-left: 30px !important;background-image: url(https:\/\/bbk.dk\/wp-content\/uploads\/2023\/11\/bbk-biologisk-luftrensning2.jpg?id=4720) !important;background-position: center !important;background-repeat: no-repeat !important;background-size: cover !important;}&#8220;]<div class=\"ult-spacer spacer-6a01d48cd611e\" data-id=\"6a01d48cd611e\" data-height=\"300\" data-height-mobile=\"200\" data-height-tab=\"300\" data-height-tab-portrait=\"300\" data-height-mobile-landscape=\"250\" style=\"clear:both;display:block;\"><\/div>[\/vc_column_inner][\/vc_row_inner]<div class=\"ult-spacer spacer-6a01d48cd613b\" data-id=\"6a01d48cd613b\" data-height=\"90\" data-height-mobile=\"60\" data-height-tab=\"90\" data-height-tab-portrait=\"60\" data-height-mobile-landscape=\"60\" style=\"clear:both;display:block;\"><\/div>[\/vc_column][\/vc_row]<\/p>\n<\/div>","protected":false},"excerpt":{"rendered":"<p>[vc_row full_width=&#8220;stretch_row&#8220; el_class=&#8220;light&#8220;][vc_column][vc_row_inner equal_height=&#8220;yes&#8220;][vc_column_inner offset=&#8220;vc_col-lg-6 vc_col-md-6 vc_col-xs-12&#8243;][vc_column_text] Biofilter BBK-Biofilter wandelt Ger\u00fcche in H2O und CO2 um Von Anfang an, im Jahr 1992, war BBK ein auf Biofilter spezialisiertes Unternehmen. Das Ziel war es, konventionelle Biofilter weiterzuentwickeln und eine f\u00fchrende Position in der Branche einzunehmen. In enger Zusammenarbeit mit dem Biotechnologischen Institut und anderen Wissenseinrichtungen haben &#8230; <a title=\"\u00dcber\" class=\"read-more\" href=\"https:\/\/bbk.dk\/de\/ueber\/\" aria-label=\"Mehr Informationen \u00fcber \u00dcber\">Weiterlesen &#8230;<\/a><\/p>\n","protected":false},"author":1,"featured_media":4938,"parent":0,"menu_order":5,"comment_status":"closed","ping_status":"closed","template":"","meta":{"_acf_changed":false,"footnotes":""},"categories":[],"class_list":["post-4936","page","type-page","status-publish","has-post-thumbnail"],"acf":[],"_links":{"self":[{"href":"https:\/\/bbk.dk\/de\/wp-json\/wp\/v2\/pages\/4936"}],"collection":[{"href":"https:\/\/bbk.dk\/de\/wp-json\/wp\/v2\/pages"}],"about":[{"href":"https:\/\/bbk.dk\/de\/wp-json\/wp\/v2\/types\/page"}],"author":[{"embeddable":true,"href":"https:\/\/bbk.dk\/de\/wp-json\/wp\/v2\/users\/1"}],"replies":[{"embeddable":true,"href":"https:\/\/bbk.dk\/de\/wp-json\/wp\/v2\/comments?post=4936"}],"version-history":[{"count":16,"href":"https:\/\/bbk.dk\/de\/wp-json\/wp\/v2\/pages\/4936\/revisions"}],"predecessor-version":[{"id":5269,"href":"https:\/\/bbk.dk\/de\/wp-json\/wp\/v2\/pages\/4936\/revisions\/5269"}],"wp:featuredmedia":[{"embeddable":true,"href":"https:\/\/bbk.dk\/de\/wp-json\/wp\/v2\/media\/4938"}],"wp:attachment":[{"href":"https:\/\/bbk.dk\/de\/wp-json\/wp\/v2\/media?parent=4936"}],"wp:term":[{"taxonomy":"category","embeddable":true,"href":"https:\/\/bbk.dk\/de\/wp-json\/wp\/v2\/categories?post=4936"}],"curies":[{"name":"wp","href":"https:\/\/api.w.org\/{rel}","templated":true}]}}